{"id":673,"date":"2018-10-27T09:33:47","date_gmt":"2018-10-27T09:33:47","guid":{"rendered":"https:\/\/lifestyle.hr\/?page_id=673"},"modified":"2018-10-31T08:48:16","modified_gmt":"2018-10-31T08:48:16","slug":"o-agenciji","status":"publish","type":"page","link":"https:\/\/lifestyle.hr\/?page_id=673","title":{"rendered":"O agenciji"},"content":{"rendered":"<div class=\"wpb-content-wrapper\"><p>[vc_row][vc_column width=&#8221;1\/2&#8243;]<div class=\"cz_gap clr  hide_on_tablet hide_on_mobile\" style=\"height: 47px\"><\/div><div class=\"cz_gap show_on_tablet clr \" style=\"height: 30px\"><\/div><div id=\"cz_100610\" data-position=\"top-right\" class=\"cz_100610 cz_image clr cz_image_no_fx center_on_mobile\"><div class=\"\" ><div class=\"cz_image_in\"><div class=\"cz_main_image\"><img fetchpriority=\"high\" loading=\"eager\" decoding=\"sync\" data-no-lazy=\"1\" width=\"720\" height=\"480\" src=\"https:\/\/lifestyle.hr\/wp-content\/uploads\/2018\/10\/susreti_s_povodom_1993_josipa_lisac_i_dan_sercar.jpg\" class=\"attachment-large\" alt=\"Susreti s povodom 1993 josipa lisac i dan sercar\" title=\"susreti_s_povodom_1993_josipa_lisac_i_dan_sercar\" srcset=\"https:\/\/lifestyle.hr\/wp-content\/uploads\/2018\/10\/susreti_s_povodom_1993_josipa_lisac_i_dan_sercar.jpg 720w, https:\/\/lifestyle.hr\/wp-content\/uploads\/2018\/10\/susreti_s_povodom_1993_josipa_lisac_i_dan_sercar-300x200.jpg 300w, https:\/\/lifestyle.hr\/wp-content\/uploads\/2018\/10\/susreti_s_povodom_1993_josipa_lisac_i_dan_sercar-600x400.jpg 600w\" sizes=\"(max-width: 720px) 100vw, 720px\"  \/><\/div><\/div><\/div><\/div>[\/vc_column][vc_column width=&#8221;1\/2&#8243;]<div class=\"cz_gap clr  hide_on_tablet hide_on_mobile\" style=\"height: 40px\"><\/div><div class=\"cz_gap show_on_tablet clr \" style=\"height: 30px\"><\/div>[vc_column_text css=&#8221;.vc_custom_1540890339292{margin-bottom: 40px !important;}&#8221;]<\/p>\n<p align=\"JUSTIFY\"><span style=\"font-family: Arial; font-size: 16px;\"><span style=\"color: #000000;\">Tvrtku Lifestyle d.o.o. za kulturno-umjetni\u010dke djelatnosti utemeljila je u Umagu 1993. godine\u00a0<\/span><a href=\"https:\/\/lifestyle.hr\/vedrana-koceic\/\" target=\"_blank\" rel=\"noopener\"><span style=\"color: #0000ff;\"><strong>Vedrana Kocei\u0107<\/strong><\/span><\/a><span style=\"color: #000000;\">. Sjedi\u0161te tvrtke od 2008. godine preseljeno je iz Umaga (Istarska \u017eupanija) u Zapre\u0161i\u0107 (Zagreba\u010dka \u017eupanija).<\/span><\/span><\/p>\n<p align=\"JUSTIFY\"><span style=\"color: #000000; font-family: Arial; font-size: 16px;\">Klju\u010dne djelatnosti tvrtke od osnutka su bile usmjerene ka oboga\u0107ivanju i podizanju razine kulturne produkcije i ponude u lokalnom i regionalnom okru\u017eenju (podru\u010dje Umaga i susjednih gradova i op\u0107ina, Istarska \u017eupanija), \u0161to je ve\u0107 nakon nekoliko godina dovelo do razvoja dugoro\u010dnih projekata nacionalnog zna\u010daja te prekograni\u010dne i me\u0111unarodne suradnje i razmjene.<\/span><\/p>\n<p>[\/vc_column_text][\/vc_column][\/vc_row][vc_row][vc_column width=&#8221;1\/2&#8243;][vc_row_inner][vc_column_inner]<div class=\"cz_gap clr  hide_on_tablet hide_on_mobile\" style=\"height: 90px\"><\/div><div class=\"cz_gap show_on_tablet clr \" style=\"height: 30px\"><\/div>[\/vc_column_inner][\/vc_row_inner][vc_column_text css=&#8221;.vc_custom_1540886385618{margin-bottom: 40px !important;}&#8221;]<\/p>\n<p align=\"JUSTIFY\"><span style=\"font-size: 16px; font-family: Arial;\"><span style=\"color: #000000;\">Tijekom prvog desetlje\u0107a djelovanja Lifestyle u ulozi osmi\u0161ljava i ostvaruje zapa\u017eene cikluse kulturnih i zabavnih programa (devet sezona\u00a0<\/span><em><span style=\"color: #000000;\">Uma\u0161kog koncertnog ljeta<\/span><\/em><span style=\"color: #000000;\">, tri sezone kulturno-zabavnog ciklusa\u00a0<\/span><em><span style=\"color: #000000;\">Susreti s povodom,\u00a0<\/span><\/em><span style=\"color: #000000;\">\u00a0te brojna kazali\u0161na i glazbeno-scenska gostovanja).<\/span><\/span><\/p>\n<p align=\"JUSTIFY\"><span style=\"font-size: 16px; font-family: Arial;\"><span style=\"color: #000000;\">U produkcijskom smislu tvrtka u prvom desetlje\u0107u djelovanja stavlja te\u017ei\u0161te na scensko &#8211; glazbene edukativne produkcije s osnovno\u0161kolskom i srednjo\u0161kolskom mlade\u017ei kroz projekt\u00a0<\/span><em><span style=\"color: #000000;\">Umjetni\u010dkih radionica Lifestyle,\u00a0<\/span><\/em><span style=\"color: #000000;\">Baletne \u0161kole<\/span><em><span style=\"color: #000000;\">\u00a0Carlotta Grisi,\u00a0<\/span><\/em><span style=\"color: #000000;\">te kroz poslove marketinga i odnosa s javno\u0161\u0107u za\u00a0 nacionalnu\u00a0<\/span><em><span style=\"color: #000000;\">\u0160kolu stvarala\u0161tva Novigradsko prolje\u0107e\u00a0<\/span><\/em><span style=\"color: #000000;\">s ciljevima umjetni\u010dke edukacije za \u017eivot,\u00a0 poticanja kreativnosti, prevencije poreme\u0107aja u pona\u0161anju i kvalitetnog osmi\u0161ljavanja slobodnog vremena te osjetljive populacije. Paralelno na lokalnoj radijskoj postaji &#8220;Eurostar&#8221; vi\u0161e godina ostvaruje vlastite tjedne emisije i druge autorske projekte.<\/span><\/span><\/p>\n<p>[\/vc_column_text][\/vc_column][vc_column width=&#8221;1\/2&#8243;]<div class=\"cz_gap clr  hide_on_tablet hide_on_mobile\" style=\"height: 100px\"><\/div><div class=\"cz_gap show_on_tablet clr \" style=\"height: 30px\"><\/div><div id=\"cz_81342\" data-position=\"top-right\" class=\"cz_81342 cz_image clr cz_image_no_fx center_on_mobile\"><div class=\"\" ><div class=\"cz_image_in\"><div class=\"cz_main_image\"><img decoding=\"async\" width=\"720\" height=\"475\" src=\"https:\/\/lifestyle.hr\/wp-content\/uploads\/2018\/10\/baletna_skola_carlotta_grisi_umag_2003.jpg\" class=\"attachment-large\" alt=\"Baletna skola carlotta grisi umag 2003\" title=\"baletna_skola_carlotta_grisi_umag_2003\" srcset=\"https:\/\/lifestyle.hr\/wp-content\/uploads\/2018\/10\/baletna_skola_carlotta_grisi_umag_2003.jpg 720w, https:\/\/lifestyle.hr\/wp-content\/uploads\/2018\/10\/baletna_skola_carlotta_grisi_umag_2003-300x198.jpg 300w, https:\/\/lifestyle.hr\/wp-content\/uploads\/2018\/10\/baletna_skola_carlotta_grisi_umag_2003-600x396.jpg 600w\" sizes=\"auto, (max-width: 720px) 100vw, 720px\" loading=\"lazy\" \/><\/div><\/div><\/div><\/div>[\/vc_column][\/vc_row][vc_row][vc_column width=&#8221;1\/2&#8243;]<div class=\"cz_gap clr  hide_on_tablet hide_on_mobile\" style=\"height: 50px\"><\/div><div class=\"cz_gap show_on_tablet clr \" style=\"height: 30px\"><\/div><div id=\"cz_78292\" data-position=\"top-right\" class=\"cz_78292 cz_image clr cz_image_no_fx center_on_mobile\"><div class=\"\" ><div class=\"cz_image_in\"><div class=\"cz_main_image\"><img decoding=\"async\" width=\"720\" height=\"472\" src=\"https:\/\/lifestyle.hr\/wp-content\/uploads\/2018\/10\/urucenje_nagrade_za_event_marketing_projektu_u_kulturi_2003.jpg\" class=\"attachment-large\" alt=\"Urucenje nagrade za event marketing projektu u kulturi 2003\" title=\"urucenje_nagrade_za_event_marketing_projektu_u_kulturi_2003\" srcset=\"https:\/\/lifestyle.hr\/wp-content\/uploads\/2018\/10\/urucenje_nagrade_za_event_marketing_projektu_u_kulturi_2003.jpg 720w, https:\/\/lifestyle.hr\/wp-content\/uploads\/2018\/10\/urucenje_nagrade_za_event_marketing_projektu_u_kulturi_2003-300x197.jpg 300w, https:\/\/lifestyle.hr\/wp-content\/uploads\/2018\/10\/urucenje_nagrade_za_event_marketing_projektu_u_kulturi_2003-600x393.jpg 600w\" sizes=\"auto, (max-width: 720px) 100vw, 720px\" loading=\"lazy\" \/><\/div><\/div><\/div><\/div>[\/vc_column][vc_column width=&#8221;1\/2&#8243;]<div class=\"cz_gap clr  hide_on_tablet hide_on_mobile\" style=\"height: 47px\"><\/div><div class=\"cz_gap show_on_tablet clr \" style=\"height: 30px\"><\/div>[vc_column_text css=&#8221;.vc_custom_1540886940056{margin-bottom: 40px !important;}&#8221;]<\/p>\n<p align=\"JUSTIFY\"><span style=\"color: #000000; font-family: Arial; font-size: 16px;\">U razdoblju 1994.-98. tvrtka se intenzivno bavi i sportskim marketingom kroz prijateljstvo i suradnju s najboljim hrvatskim ultramaratoncem Sla\u0111anom Dragojevi\u0107em (veliki nacionalni i me\u0111unarodni projekti u sklopu kojih sinergijski realizira i kulturne sadr\u017eaje).<\/span><\/p>\n<p align=\"JUSTIFY\"><span style=\"font-family: Arial; font-size: 16px;\"><span style=\"color: #000000;\">Godine 1998. Lifestyle utemeljuje i vodi izvr\u0161nu produkciju dugoro\u010dnog me\u0111unarodnog projekta za\u0161tite, obnove i revitalizacije istarske orguljske ba\u0161tine\u00a0<\/span><a href=\"http:\/\/www.organum-histriae.org\/\" target=\"_blank\" rel=\"noopener\">Organum Histriae<\/a><span style=\"color: #000000;\">\u00a0(jedanaest izdanja Me\u0111unarodnog festivala\u00a0<\/span><em><span style=\"color: #000000;\">Organum Histriae<\/span><\/em><span style=\"color: #000000;\">, brojni znanstveni skupovi i prate\u0107i programi te prva tri izdanja\u00a0 bijenalnog Me\u0111unarodnog orgulja\u0161kog natjecanja\u00a0<\/span><em><span style=\"color: #000000;\">A. Antico da Montona)<\/span><\/em><span style=\"color: #000000;\">.<\/span><\/span><\/p>\n<p>[\/vc_column_text][\/vc_column][\/vc_row][vc_row][vc_column width=&#8221;1\/2&#8243;][vc_row_inner][vc_column_inner]<div class=\"cz_gap clr  hide_on_tablet hide_on_mobile\" style=\"height: 90px\"><\/div><div class=\"cz_gap show_on_tablet clr \" style=\"height: 30px\"><\/div>[\/vc_column_inner][\/vc_row_inner][vc_column_text css=&#8221;.vc_custom_1540887315103{margin-bottom: 40px !important;}&#8221;]<\/p>\n<p align=\"JUSTIFY\"><span style=\"font-family: Arial; font-size: 16px;\"><span style=\"color: #000000;\">Projekt je progla\u0161en\u00a0<\/span><em><span style=\"color: #000000;\">event marketing projektom iz kulture<\/span><\/em><span style=\"color: #000000;\">\u00a0na 3. Me\u0111unarodnom event marketing natjecanju EVENTUM u sklopu 11. Festivala ogla\u0161avanja FESTO 2003, a posebno je te\u017ei\u0161te dato kulturno-turisti\u010dkom brendiranju projekta.\u00a0 Grad Umag, doma\u0107in projekta, zahvaljuju\u0107i projektu u\u010dlanjen je 2006. godine u presti\u017enu asocijaciju\u00a0<\/span><em><span style=\"color: #000000;\">ECHO \u2013 European Cities of Historical organs,\u00a0<\/span><\/em><span style=\"color: #000000;\">a u Hrvatskoj u\u017eiva dugogodi\u0161nje povjerenje i potporu brojnih javnih, medijskih i privatnih pokrovitelja i partnera.<\/span><\/span><\/p>\n<p align=\"JUSTIFY\"><span style=\"font-family: Arial; font-size: 16px;\"><span style=\"color: #000000;\">Iskustvo u izvr\u0161noj produkciji glazbenih projekata tvrtka je oplemenila 2006. i 2007. godine suradnjom na Me\u0111unarodnom tjednu udaraljka\u0161kih ansambala \u2013\u00a0<\/span><a href=\"http:\/\/www.ipewfestival.com\/\" target=\"_blank\" rel=\"noopener\">IPEW (International Percussion Ensemble Week)<\/a><span style=\"color: #000000;\">\u00a0u Bjelovaru.<\/span><\/span><\/p>\n<p align=\"JUSTIFY\"><span style=\"font-family: Arial; font-size: 16px;\"><span style=\"color: #000000;\">Razdoblje 2007\/08. obilje\u017eeno je novim intenzivnim anga\u017emanom u komunikacijskom poslovnom segmentu, koji je u dosada\u0161njem radu bio zastupljen isklju\u010divo u smislu komuniciranja vlastitih kulturolo\u0161kih projekata i glazbenika. Suradnja sa zagreba\u010dkom agencijom za odnose s javno\u0161\u0107u\u00a0<\/span><em><span style=\"color: #000000;\">Pleon Dialog<\/span><\/em><span style=\"color: #000000;\">\u00a0uklju\u010divala je vo\u0111enje accounta klijenata, koordinaciju odnosa s medijima, izradu godi\u0161njih PR planova, tro\u0161kovnika i izvje\u0161\u0107a, pripremu i realizaciju PR aktivnosti te zahtjevnijih evenata i integriranih kampanja, produkt i brand PR, monitoriranje, analizu i evaluaciju medijskih objava, pripremu advertorial kampanja, koordinaciju medijskih plasmana. Po\u010detkom 2009. tvrtka izra\u0111uje i predstavlja Strate\u0161ki komunikacijski plan za softversku tvrtku Laser line iz\u00a0 Umaga.<\/span><\/span><\/p>\n<p>[\/vc_column_text][\/vc_column][vc_column width=&#8221;1\/2&#8243;]<div class=\"cz_gap clr  hide_on_tablet hide_on_mobile\" style=\"height: 100px\"><\/div><div class=\"cz_gap show_on_tablet clr \" style=\"height: 30px\"><\/div><div id=\"cz_89885\" data-position=\"top-right\" class=\"cz_89885 cz_image clr cz_image_no_fx center_on_mobile\"><div class=\"\" ><div class=\"cz_image_in\"><div class=\"cz_main_image\"><img decoding=\"async\" width=\"720\" height=\"480\" src=\"https:\/\/lifestyle.hr\/wp-content\/uploads\/2018\/10\/caenazzo_koceic_milenkovich_brijuni_2002.jpg\" class=\"attachment-large\" alt=\"Caenazzo koceic milenkovich brijuni 2002\" title=\"caenazzo_koceic_milenkovich_brijuni_2002\" srcset=\"https:\/\/lifestyle.hr\/wp-content\/uploads\/2018\/10\/caenazzo_koceic_milenkovich_brijuni_2002.jpg 720w, https:\/\/lifestyle.hr\/wp-content\/uploads\/2018\/10\/caenazzo_koceic_milenkovich_brijuni_2002-300x200.jpg 300w, https:\/\/lifestyle.hr\/wp-content\/uploads\/2018\/10\/caenazzo_koceic_milenkovich_brijuni_2002-600x400.jpg 600w\" sizes=\"auto, (max-width: 720px) 100vw, 720px\" loading=\"lazy\" \/><\/div><\/div><\/div><\/div>[\/vc_column][\/vc_row][vc_row][vc_column width=&#8221;1\/2&#8243;]<div class=\"cz_gap clr  hide_on_tablet hide_on_mobile\" style=\"height: 45px\"><\/div><div class=\"cz_gap show_on_tablet clr \" style=\"height: 30px\"><\/div><div id=\"cz_89665\" data-position=\"top-right\" class=\"cz_89665 cz_image clr cz_image_no_fx center_on_mobile\"><div class=\"\" ><div class=\"cz_image_in\"><div class=\"cz_main_image\"><img decoding=\"async\" width=\"720\" height=\"480\" src=\"https:\/\/lifestyle.hr\/wp-content\/uploads\/2018\/10\/pramaljece_u_luznici2010_koncert_milenkovich_karamazov.jpg\" class=\"attachment-large\" alt=\"Pramaljece u luznici2010 koncert milenkovich karamazov\" title=\"pramaljece_u_luznici2010_koncert_milenkovich_karamazov\" srcset=\"https:\/\/lifestyle.hr\/wp-content\/uploads\/2018\/10\/pramaljece_u_luznici2010_koncert_milenkovich_karamazov.jpg 720w, https:\/\/lifestyle.hr\/wp-content\/uploads\/2018\/10\/pramaljece_u_luznici2010_koncert_milenkovich_karamazov-300x200.jpg 300w, https:\/\/lifestyle.hr\/wp-content\/uploads\/2018\/10\/pramaljece_u_luznici2010_koncert_milenkovich_karamazov-600x400.jpg 600w\" sizes=\"auto, (max-width: 720px) 100vw, 720px\" loading=\"lazy\" \/><\/div><\/div><\/div><\/div>[\/vc_column][vc_column width=&#8221;1\/2&#8243;]<div class=\"cz_gap clr  hide_on_tablet hide_on_mobile\" style=\"height: 42px\"><\/div><div class=\"cz_gap show_on_tablet clr \" style=\"height: 30px\"><\/div>[vc_column_text css=&#8221;.vc_custom_1540887482621{margin-bottom: 40px !important;}&#8221;]<\/p>\n<p align=\"JUSTIFY\"><span style=\"color: #000000; font-family: Arial; font-size: 16px;\">Ve\u0107 \u010ditavo desetlje\u0107e (od 2001. godine) tvrtka Lifestyle ekskluzivno zastupa\u00a0 znamenitog violinista Stefana Milenkovicha s kojim je realizirala brojne velike turneje i gostovanja na najuglednijim glazbenim festivalima u Hrvatskoj i zemljama regije. Zahvaljuju\u0107i karizmi ovog velikog umjetnika gostovanja su ostvarena i u brojnim manjim gradovima i mjestima, donose\u0107i kvalitetan glazbeni program publici naj\u010de\u0161\u0107e zakinutoj za \u00a0mogu\u0107nost do\u017eivljaja nastupa vrhunskih umjetnika.<\/span><\/p>\n<p align=\"JUSTIFY\"><span style=\"color: #000000; font-family: Arial; font-size: 16px;\">Uz Milenkovicha, Lifestyle povremeno ili stalno kao agencija za koncertni menad\u017ement sura\u0111uje i s brojnim drugim uglednim stranim i doma\u0107im glazbenicima i ansamblima,\u00a0 tako da se segment poslovanja umjetni\u010dkog menad\u017ementa bitno pove\u0107ao.<\/span><\/p>\n<p align=\"JUSTIFY\"><span style=\"color: #000000; font-family: Arial; font-size: 16px;\">Osim toga, bogato iskustvo Lifestyle-a osmi\u0161ljavanju u upravljanju projektima u kulturi i turizmu rezultiralo je novom podgrupom usluga za klijente &#8211; savjetovanje i upravljanje projektima u kulturi i turizmu.<\/span><\/p>\n<p>[\/vc_column_text][\/vc_column][\/vc_row]<\/p>\n<\/div>","protected":false},"excerpt":{"rendered":"<p>Tvrtku Lifestyle d.o.o. za kulturno-umjetni\u010dke djelatnosti utemeljila je u Umagu 1993. &#8230; <\/p>\n","protected":false},"author":1,"featured_media":0,"parent":0,"menu_order":0,"comment_status":"closed","ping_status":"closed","template":"","meta":{"footnotes":""},"class_list":["post-673","page","type-page","status-publish","hentry"],"_links":{"self":[{"href":"https:\/\/lifestyle.hr\/index.php?rest_route=\/wp\/v2\/pages\/673","targetHints":{"allow":["GET"]}}],"collection":[{"href":"https:\/\/lifestyle.hr\/index.php?rest_route=\/wp\/v2\/pages"}],"about":[{"href":"https:\/\/lifestyle.hr\/index.php?rest_route=\/wp\/v2\/types\/page"}],"author":[{"embeddable":true,"href":"https:\/\/lifestyle.hr\/index.php?rest_route=\/wp\/v2\/users\/1"}],"replies":[{"embeddable":true,"href":"https:\/\/lifestyle.hr\/index.php?rest_route=%2Fwp%2Fv2%2Fcomments&post=673"}],"version-history":[{"count":0,"href":"https:\/\/lifestyle.hr\/index.php?rest_route=\/wp\/v2\/pages\/673\/revisions"}],"wp:attachment":[{"href":"https:\/\/lifestyle.hr\/index.php?rest_route=%2Fwp%2Fv2%2Fmedia&parent=673"}],"curies":[{"name":"wp","href":"https:\/\/api.w.org\/{rel}","templated":true}]}}