{"id":768,"date":"2018-10-30T10:00:11","date_gmt":"2018-10-30T10:00:11","guid":{"rendered":"https:\/\/lifestyle.hr\/?page_id=768"},"modified":"2018-10-31T11:03:47","modified_gmt":"2018-10-31T11:03:47","slug":"djelatnosti","status":"publish","type":"page","link":"https:\/\/lifestyle.hr\/?page_id=768","title":{"rendered":"Djelatnosti"},"content":{"rendered":"<div class=\"wpb-content-wrapper\"><p>[vc_row][vc_column]<div id=\"cz_38146\" class=\"cz_38146 cz_title clr cz_title_ba_line cz_title_pos_inline\"><div class=\"cz_title_content\"><div class=\"cz_wpe_content\"><h2 align=\"JUSTIFY\"><span style=\"font-family: Arial; font-size: 20px;\"><strong><span style=\"color: #000000;\">Zastupanje stranih i doma\u0107ih glazbenika<\/span><\/strong><\/span><\/h2>\n<\/div><div class=\"cz_title_line cz_line_after_title\"><span>_<\/span><\/div><\/div><\/div>[vc_column_text]<\/p>\n<p align=\"JUSTIFY\"><span style=\"color: #666666; font-family: Arial; font-size: 16px;\">Lifestyle zastupa odabrane \u00a0strane i doma\u0107e glazbenike i ansamble,\u00a0 za koje je uvjerena, da svojom umjetni\u010dkom kvalitetom i &#8220;glazbenim govorom &#8221; znaju odu\u0161eviti publiku. Brine o njihovoj promociji i medijskoj prisutnosti.<\/span><\/p>\n<p>[\/vc_column_text]<div class=\"cz_gap clr \" style=\"height: 30px\"><\/div><div id=\"cz_37028\" class=\"cz_37028 cz_title clr cz_title_ba_line cz_title_pos_inline\"><div class=\"cz_title_content\"><div class=\"cz_wpe_content\"><h2 align=\"JUSTIFY\"><span style=\"font-family: Arial; font-size: 20px;\"><strong><span style=\"color: #000000;\">Oblikovanje i posredovanje glazbenih programa za koncerte i druga doga\u0111anja\u00a0<\/span><\/strong><\/span><\/h2>\n<\/div><div class=\"cz_title_line cz_line_after_title\"><span>_<\/span><\/div><\/div><\/div>[vc_column_text]<\/p>\n<p align=\"JUSTIFY\"><span style=\"color: #666666; font-family: Arial; font-size: 16px;\">Lifestyle \u00a0posreduje odnosno oblikuje glazbene programe ili projekte\u00a0 za svoje naru\u010ditelje poput npr. koncertnih prire\u0111iva\u010da, poduze\u0107a (kompanija) , full-servis agencija, kulturnih dru\u0161tava &#8230; obzirom na njihove potrebe.<\/span><\/p>\n<p>[\/vc_column_text]<div class=\"cz_gap clr \" style=\"height: 30px\"><\/div><div id=\"cz_22452\" class=\"cz_22452 cz_title clr cz_title_ba_line cz_title_pos_inline\"><div class=\"cz_title_content\"><div class=\"cz_wpe_content\"><h2 align=\"JUSTIFY\"><span style=\"font-family: Arial; font-size: 20px;\"><strong><span style=\"color: #000000;\">Izvedba glazbenih projekata \/ koncerata\u00a0<\/span><\/strong><\/span><\/h2>\n<\/div><div class=\"cz_title_line cz_line_after_title\"><span>_<\/span><\/div><\/div><\/div>[vc_column_text]<\/p>\n<p align=\"JUSTIFY\"><span style=\"color: #666666; font-family: Arial; font-size: 16px;\">Glazbeni su projekti zahtjevni iz financijskog i organizacijskog motri\u0161ta. Uz visok financijski ulog u program, organizatori doga\u0111anja ne \u017eele si priu\u0161titi lo\u0161u izvedbu izabranog programa, koja \u0107e poni\u0161titi njihove napore za \u00a0&#8220;jedinstveno\u0161\u0107u&#8221; samog doga\u0111anja. Lifestyle im osigurava optimalnu izvedbu glazbenog programa u okviru danih mogu\u0107nosti.<\/span><\/p>\n<p>[\/vc_column_text]<div class=\"cz_gap clr \" style=\"height: 30px\"><\/div><div id=\"cz_40611\" class=\"cz_40611 cz_title clr cz_title_ba_line cz_title_pos_inline\"><div class=\"cz_title_content\"><div class=\"cz_wpe_content\"><h2 align=\"JUSTIFY\"><span style=\"font-family: Arial; font-size: 20px;\"><strong><span style=\"color: #000000;\">Priprema marketin\u0161kih planova i strategija za glazbenike i glazbene projekte\u00a0<\/span><\/strong><\/span><\/h2>\n<\/div><div class=\"cz_title_line cz_line_after_title\"><span>_<\/span><\/div><\/div><\/div>[vc_column_text]<\/p>\n<p align=\"JUSTIFY\"><span style=\"color: #666666; font-family: Arial; font-size: 16px;\">Lifestyle priprema marketin\u0161ke planove \u00a0i strategije za glazbene \u00a0projekte i pojedina\u010dne glazbenike. U slu\u010daju umjetnika \/ glazbenika ili kulturnog \/ glazbenog projekta, sama visoka kvaliteta&#8221;proizvoda&#8221; danas vi\u0161e nije \u00a0dovoljna na prili\u010dno zasi\u0107enom kulturom\u00a0 tr\u017ei\u0161tu. Za glazbenike i glazbene projekte potrebno je osmisliti ozbiljnu dugoro\u010dnu strategiju te ih na osnovi njihovih kvaliteta ozbiljno \u00a0pozicionirati.<\/span><\/p>\n<p>[\/vc_column_text]<div class=\"cz_gap clr \" style=\"height: 30px\"><\/div><div id=\"cz_53138\" class=\"cz_53138 cz_title clr cz_title_ba_line cz_title_pos_inline\"><div class=\"cz_title_content\"><div class=\"cz_wpe_content\"><h2 align=\"JUSTIFY\"><span style=\"font-family: Arial; font-size: 20px;\"><strong><span style=\"color: #000000;\">Savjetovanje<\/span><\/strong><\/span><\/h2>\n<\/div><div class=\"cz_title_line cz_line_after_title\"><span>_<\/span><\/div><\/div><\/div>[vc_column_text]<\/p>\n<p align=\"JUSTIFY\"><span style=\"color: #000000; font-family: Arial; font-size: 16px;\">Lifestyle pru\u017ea usluge \u00a0savjetovanja na podru\u010dju cjelovitog \u00a0glazbenog managementa (prire\u0111ivanje koncerata, grafi\u010dka priprema, tisak plakata i koncertnih listova, osobno savjetovanje, programsko savjetovanje, itd.).<\/span><\/p>\n<p>[\/vc_column_text][\/vc_column][\/vc_row]<\/p>\n<\/div>","protected":false},"excerpt":{"rendered":"<p>Lifestyle zastupa odabrane \u00a0strane i doma\u0107e glazbenike i ansamble,\u00a0 za koje &#8230; <\/p>\n","protected":false},"author":1,"featured_media":0,"parent":0,"menu_order":0,"comment_status":"closed","ping_status":"closed","template":"","meta":{"footnotes":""},"class_list":["post-768","page","type-page","status-publish","hentry"],"_links":{"self":[{"href":"https:\/\/lifestyle.hr\/index.php?rest_route=\/wp\/v2\/pages\/768","targetHints":{"allow":["GET"]}}],"collection":[{"href":"https:\/\/lifestyle.hr\/index.php?rest_route=\/wp\/v2\/pages"}],"about":[{"href":"https:\/\/lifestyle.hr\/index.php?rest_route=\/wp\/v2\/types\/page"}],"author":[{"embeddable":true,"href":"https:\/\/lifestyle.hr\/index.php?rest_route=\/wp\/v2\/users\/1"}],"replies":[{"embeddable":true,"href":"https:\/\/lifestyle.hr\/index.php?rest_route=%2Fwp%2Fv2%2Fcomments&post=768"}],"version-history":[{"count":0,"href":"https:\/\/lifestyle.hr\/index.php?rest_route=\/wp\/v2\/pages\/768\/revisions"}],"wp:attachment":[{"href":"https:\/\/lifestyle.hr\/index.php?rest_route=%2Fwp%2Fv2%2Fmedia&parent=768"}],"curies":[{"name":"wp","href":"https:\/\/api.w.org\/{rel}","templated":true}]}}