{"id":778,"date":"2018-10-30T10:23:20","date_gmt":"2018-10-30T10:23:20","guid":{"rendered":"https:\/\/lifestyle.hr\/?page_id=778"},"modified":"2023-12-09T11:32:07","modified_gmt":"2023-12-09T11:32:07","slug":"kontakt","status":"publish","type":"page","link":"https:\/\/lifestyle.hr\/?page_id=778","title":{"rendered":"Kontakt"},"content":{"rendered":"<div class=\"wpb-content-wrapper\"><p>[vc_row][vc_column]<div id=\"cz_53703\" class=\"cz_53703 cz_title clr cz_title_ba_line cz_title_pos_inline\"><div class=\"cz_title_content\"><div class=\"cz_wpe_content\"><h2 class=\"western\"><span style=\"color: #444444; font-family: Arial; font-size: 20px;\"><b>Kontakt podaci<\/b><\/span><\/h2>\n<p align=\"JUSTIFY\"><span style=\"color: #000000; font-family: Arial; font-size: 16px;\">Lifestyle d.o.o. za kulturno umjetni\u010dke djelatnosti<\/span><\/p>\n<\/div><div class=\"cz_title_line cz_line_after_title\"><span>_<\/span><\/div><\/div><\/div>[vc_column_text]<iframe loading=\"lazy\" style=\"border: 0;\" src=\"https:\/\/www.google.com\/maps\/embed?pb=!1m18!1m12!1m3!1d2828.441914158562!2d13.935677115537063!3d44.85329767909847!2m3!1f0!2f0!3f0!3m2!1i1024!2i768!4f13.1!3m3!1m2!1s0x47632dffcf40f605%3A0x3d4b10a5134ff752!2sUl.%20Dobran%20Giordana%206%2C%2052100%2C%20%C5%A0i%C5%A1an!5e0!3m2!1shr!2shr!4v1636708147378!5m2!1shr!2shr\" width=\"100%\" height=\"450\" allowfullscreen=\"allowfullscreen\"><\/iframe><\/p>\n<p>[\/vc_column_text][\/vc_column][\/vc_row][vc_row][vc_column width=&#8221;2\/3&#8243;][vc_column_text]<\/p>\n<table border=\"0\" width=\"520\" cellspacing=\"0\" cellpadding=\"0\">\n<colgroup>\n<col width=\"115\" \/>\n<col width=\"405\" \/> <\/colgroup>\n<tbody>\n<tr valign=\"BOTTOM\">\n<td style=\"width: 114px;\" height=\"25\">\n<p align=\"LEFT\"><span style=\"font-family: Arial;\">Kontakt osoba:<\/span><\/p>\n<\/td>\n<td style=\"width: 400px;\">\n<p align=\"LEFT\"><span style=\"color: #3366ff;\"><a style=\"color: #3366ff;\" href=\"https:\/\/lifestyle.hr\/vedrana-koceic\/\" target=\"_blank\" rel=\"noopener\"><span style=\"font-family: Arial;\">Vedrana Kocei\u0107, prof. &#8211; direktor<\/span><\/a><\/span><\/p>\n<\/td>\n<\/tr>\n<tr valign=\"BOTTOM\">\n<td style=\"width: 114px;\" height=\"25\">\n<p align=\"LEFT\"><span style=\"font-family: Arial;\">Adresa:<\/span><\/p>\n<\/td>\n<td style=\"width: 400px;\">\n<p align=\"LEFT\"><span style=\"font-family: Arial;\">Dobran Giordana 6, \u0160i\u0161an, 52204 Li\u017enjan<\/span><\/p>\n<\/td>\n<\/tr>\n<tr valign=\"BOTTOM\">\n<td style=\"width: 114px;\" height=\"25\">\n<p align=\"LEFT\"><span style=\"font-family: Arial;\">Tel:<\/span><\/p>\n<\/td>\n<td style=\"width: 400px;\">\n<p align=\"LEFT\"><span style=\"font-family: Arial;\">+385 (0)98 335 416<\/span><\/p>\n<\/td>\n<\/tr>\n<tr valign=\"BOTTOM\">\n<td style=\"width: 114px;\" height=\"25\">\n<p align=\"LEFT\"><span style=\"font-family: Arial;\">E-po\u0161ta:<\/span><\/p>\n<\/td>\n<td style=\"width: 400px;\">\n<p align=\"LEFT\"><span style=\"font-family: Arial;\"><a href=\"mailto:vedrana.koceic@gmail.com\">vedrana.koceic@gmail.com<\/a><\/span><\/p>\n<\/td>\n<\/tr>\n<tr valign=\"BOTTOM\">\n<td style=\"width: 114px;\" height=\"25\">\n<p align=\"LEFT\"><span style=\"font-family: Arial;\">Internet adresa:<\/span><\/p>\n<\/td>\n<td style=\"width: 400px;\">\n<p align=\"LEFT\"><span style=\"font-family: Arial; color: #3366ff;\"><a style=\"color: #3366ff;\" href=\"https:\/\/lifestyle.hr\/\">www.lifestyle.hr<\/a><\/span><\/p>\n<\/td>\n<\/tr>\n<tr valign=\"BOTTOM\">\n<td style=\"width: 114px;\" height=\"25\">\n<p align=\"LEFT\">\n<\/td>\n<td style=\"width: 400px;\">\n<p align=\"LEFT\">\n<\/td>\n<\/tr>\n<tr valign=\"BOTTOM\">\n<td style=\"width: 114px;\" height=\"25\">\n<p align=\"LEFT\"><span style=\"font-family: Arial;\">MB:<\/span><\/p>\n<\/td>\n<td style=\"width: 400px;\">\n<p align=\"LEFT\"><span style=\"font-family: Arial;\">0407470<\/span><\/p>\n<\/td>\n<\/tr>\n<tr valign=\"BOTTOM\">\n<td style=\"width: 114px;\" height=\"25\">\n<p align=\"LEFT\"><span style=\"font-family: Arial;\">OIB:<\/span><\/p>\n<\/td>\n<td style=\"width: 400px;\">\n<p align=\"LEFT\"><span style=\"font-family: Arial;\">11009572907<\/span><\/p>\n<\/td>\n<\/tr>\n<tr valign=\"BOTTOM\">\n<td style=\"width: 114px;\" height=\"25\">\n<p align=\"LEFT\">PDV ID<\/p>\n<\/td>\n<td style=\"width: 400px;\">\n<p align=\"LEFT\">HR11009572907<\/p>\n<\/td>\n<\/tr>\n<tr valign=\"BOTTOM\">\n<td style=\"width: 114px;\" height=\"25\">\n<p align=\"LEFT\"><span style=\"font-family: Arial;\">Banka, adresa:<\/span><\/p>\n<\/td>\n<td style=\"width: 400px;\">\n<p align=\"LEFT\">Zagreba\u010dka banka d.d., Trg bana Josipa Jela\u010di\u0107a 10, 10000 ZAGREB &#8211; HR<\/p>\n<\/td>\n<\/tr>\n<tr valign=\"BOTTOM\">\n<td style=\"width: 114px;\" height=\"25\">\n<p align=\"LEFT\">SWIFT:<\/p>\n<\/td>\n<td style=\"width: 400px;\">\n<p align=\"LEFT\">ZABAHR2X<\/p>\n<\/td>\n<\/tr>\n<tr valign=\"BOTTOM\">\n<td style=\"width: 114px;\" height=\"25\">\n<p align=\"LEFT\">IBAN:<\/p>\n<\/td>\n<td style=\"width: 400px;\">\n<p align=\"LEFT\">HR32 2360 0001 1018 0436 4<\/p>\n<\/td>\n<\/tr>\n<\/tbody>\n<\/table>\n<p>[\/vc_column_text][\/vc_column][vc_column width=&#8221;1\/3&#8243;][\/vc_column][\/vc_row]<\/p>\n<\/div>","protected":false},"excerpt":{"rendered":"<p>Kontakt osoba: Vedrana Kocei\u0107, prof. &#8211; direktor Adresa: Dobran Giordana 6, &#8230; <\/p>\n","protected":false},"author":1,"featured_media":0,"parent":0,"menu_order":0,"comment_status":"closed","ping_status":"closed","template":"","meta":{"footnotes":""},"class_list":["post-778","page","type-page","status-publish","hentry"],"_links":{"self":[{"href":"https:\/\/lifestyle.hr\/index.php?rest_route=\/wp\/v2\/pages\/778","targetHints":{"allow":["GET"]}}],"collection":[{"href":"https:\/\/lifestyle.hr\/index.php?rest_route=\/wp\/v2\/pages"}],"about":[{"href":"https:\/\/lifestyle.hr\/index.php?rest_route=\/wp\/v2\/types\/page"}],"author":[{"embeddable":true,"href":"https:\/\/lifestyle.hr\/index.php?rest_route=\/wp\/v2\/users\/1"}],"replies":[{"embeddable":true,"href":"https:\/\/lifestyle.hr\/index.php?rest_route=%2Fwp%2Fv2%2Fcomments&post=778"}],"version-history":[{"count":0,"href":"https:\/\/lifestyle.hr\/index.php?rest_route=\/wp\/v2\/pages\/778\/revisions"}],"wp:attachment":[{"href":"https:\/\/lifestyle.hr\/index.php?rest_route=%2Fwp%2Fv2%2Fmedia&parent=778"}],"curies":[{"name":"wp","href":"https:\/\/api.w.org\/{rel}","templated":true}]}}