{"id":784,"date":"2018-10-30T10:29:37","date_gmt":"2018-10-30T10:29:37","guid":{"rendered":"https:\/\/lifestyle.hr\/?page_id=784"},"modified":"2018-10-31T11:15:28","modified_gmt":"2018-10-31T11:15:28","slug":"uvjeti-koristenja","status":"publish","type":"page","link":"https:\/\/lifestyle.hr\/?page_id=784","title":{"rendered":"Uvjeti kori\u0161tenja"},"content":{"rendered":"<h1 class=\"western\"><span style=\"font-family: Arial; font-size: 26px;\"><strong><span style=\"color: #444444;\"><b>Uvjeti kori\u0161tenja<\/b><\/span><\/strong><\/span><\/h1>\n<p align=\"JUSTIFY\"><span style=\"color: #000000; font-family: Arial; font-size: 15px;\">Svi podaci objavljeni na www.lifestyle.hr sastoje se od vlastitih sadr\u017eaja, besplatnih sadr\u017eaja, sadr\u017eaja kreiranih od strane na\u0161ih suradnika, te poveznica na druge stranice.\u00a0<\/span><\/p>\n<p align=\"JUSTIFY\"><span style=\"color: #000000; font-family: Arial; font-size: 15px;\">Dokumenti, podaci i informacije objavljeni na web stranici\u00a0www.lifestyle.hr\u00a0ne smiju se reproducirati, distribuirati ili na bilo koji na\u010din koristiti u komercijalne svrhe bez izri\u010ditog pristanka Lifestyle d.o.o.<\/span><\/p>\n<p align=\"JUSTIFY\"><span style=\"color: #000000; font-family: Arial; font-size: 15px;\">Dokumenti, podaci i informacije objavljeni na ovim web stranicama mogu se koristiti samo za individualne potrebe korisnika uz po\u0161tivanje svih autorskih i vlasni\u010dkih prava te prava tre\u0107ih osoba kao i u svrhu \u0161irenja informacija o djelatnostima, uslugama i projektima Lifestyle d.o.o.\u00a0<\/span><\/p>\n<p align=\"JUSTIFY\"><span style=\"color: #000000; font-family: Arial; font-size: 15px;\">Zabranjeno je javno prikazivanje, objavljivanje, preno\u0161enje, mijenjanje, reproduciranje, sudjelovanje u prijenosu ili prodaji, distribucija, izrada kopija, otpremanje te svaka druga vrsta uporabe sadr\u017eaja ovih stranica ili jednog njihova dijela te odabir i uskla\u0111ivanje njihova sadr\u017eaja, bez izri\u010ditog prethodnog pismenog dopu\u0161tenja\u00a0Lifestyle d.o.o. i drugih vlasnika autorskih prava.\u00a0<\/span><\/p>\n<p align=\"JUSTIFY\"><span style=\"color: #000000; font-family: Arial; font-size: 15px;\">Kori\u0161tenjem sadr\u017eaja ovih web stranica korisnik prihva\u0107a sve rizike koji nastaju iz kori\u0161tenja ove web stranice te prihva\u0107a koristiti sadr\u017eaj ove web stranice isklju\u010divo za osobnu uporabu i na vlastitu odgovornost.\u00a0<\/span><\/p>\n<p align=\"JUSTIFY\"><span style=\"color: #000000; font-family: Arial; font-size: 15px;\">\u00a0<\/span><\/p>\n<p align=\"JUSTIFY\"><span style=\"font-family: Arial; font-size: 15px;\"><strong><span style=\"color: #000000;\">Privatnost<\/span><\/strong><span style=\"color: #000000;\">\u00a0<\/span><\/span><\/p>\n<p align=\"JUSTIFY\"><span style=\"color: #000000; font-family: Arial; font-size: 15px;\">Mi po\u0161tujemo va\u0161u privatnost. Brinemo se o za\u0161titi privatnosti posjetitelja na\u0161e web stranice. \u017delimo vam omogu\u0107iti transparentan i jasan uvid u podatke koje o vama prikupljamo, na\u010din \u010duvanja i obrade va\u0161ih osobnih podataka, kao i rokove \u010duvanja i pravne osnove za obradu ili prikupljanje osobnih podataka.<\/span><\/p>\n<p align=\"JUSTIFY\"><span style=\"color: #000000; font-family: Arial; font-size: 15px;\">Ova obavijest o za\u0161titi privatnosti odnosi se na osobne podatke korisnika na\u0161ih usluga, uklju\u010duju\u0107i i posjetitelje na\u0161e Web stranice.<br \/>\nZa potrebe primjene propisa o za\u0161titi privatnosti (uklju\u010duju\u0107i, ali se ne ograni\u010davaju\u0107i na Op\u0107u uredbu o za\u0161titi podataka (Uredba (EU) 2016\/679), dalje u tekstu: GDPR), dru\u0161tvo odgovorno za va\u0161e osobne podatke, odnosno Voditelj obrade je Lifestyle d.o.o. \u00a0sa sjedi\u0161tem u Zapre\u0161i\u0107u, Ljudevita Gaja 3K.<\/span><\/p>\n<p align=\"JUSTIFY\"><span style=\"font-family: Arial; font-size: 15px;\"><strong><span style=\"color: #000000;\">Koje informacije o vama prikupljamo?\u00a0<\/span><\/strong><span style=\"color: #000000;\"><br \/>\nO vama prikupljamo isklju\u010divo one informacije koje su nam potrebne kako bismo vam pru\u017eili na\u0161e usluge. Tako o vama mo\u017eemo prikupljati sljede\u0107e vrste podataka.<\/span><\/span><\/p>\n<ul>\n<li style=\"list-style-type: none;\">\n<ul>\n<li>\n<p align=\"LEFT\"><span style=\"color: #000000; font-family: Arial; font-size: 15px;\">Ime i prezime;<\/span><\/p>\n<\/li>\n<li>\n<p align=\"LEFT\"><span style=\"color: #000000; font-family: Arial; font-size: 15px;\">Kontakt podatke, poput va\u0161e adrese e-po\u0161te,<\/span><\/p>\n<\/li>\n<li>\n<p align=\"LEFT\"><span style=\"color: #000000; font-family: Arial; font-size: 15px;\">Kontakt adresa,<\/span><\/p>\n<\/li>\n<li>\n<p align=\"LEFT\"><span style=\"color: #000000; font-family: Arial; font-size: 15px;\">Podaci o va\u0161em IBANu ili broju ra\u010duna, u slu\u010daju pla\u0107anja doznakom;<\/span><\/p>\n<\/li>\n<li>\n<p align=\"LEFT\"><span style=\"color: #000000; font-family: Arial; font-size: 15px;\">bilo koje dodatne informacije koje s nama podijelite.<\/span><\/p>\n<\/li>\n<\/ul>\n<\/li>\n<\/ul>\n<p align=\"JUSTIFY\"><span style=\"color: #000000; font-family: Arial; font-size: 15px;\">Neki od podataka omogu\u0107uju nam da ispunimo Va\u0161e obveze prema Vama, primjerice Va\u0161i kontaktni podaci su nam potrebni kako bismo Vas mogli kontaktirati.<\/span><\/p>\n<p align=\"JUSTIFY\"><span style=\"font-family: Arial; font-size: 15px;\"><strong><span style=\"color: #000000;\">\u00a0<\/span><\/strong><\/span><\/p>\n<p align=\"JUSTIFY\"><span style=\"font-family: Arial; font-size: 15px;\"><strong><span style=\"color: #000000;\">Prikupljanje Va\u0161ih osobnih podataka<\/span><\/strong><\/span><\/p>\n<p align=\"JUSTIFY\"><span style=\"font-family: Arial; font-size: 15px;\"><strong><span style=\"color: #000000;\">Osobni podaci koje ste nam vi ustupili:\u00a0<\/span><\/strong><span style=\"color: #000000;\"><br \/>\nPostoje brojni na\u010dini na koje mo\u017eete dijeliti informacije s nama, a koji uklju\u010duju:<\/span><\/span><\/p>\n<p align=\"JUSTIFY\"><span style=\"color: #000000; font-family: Arial; font-size: 15px;\">\u2022\u00a0\u00a0Na\u010din na koji se registrirate za kori\u0161tenje na\u0161e stranice (primjerice za obavijesti putem e-po\u0161te);<br \/>\n\u2022\u00a0\u00a0Situacije u kojima vi nas aktivno kontaktirate, i to telefonom, e-mailom ili putem dru\u0161tvenih mre\u017ea; i\/ili<br \/>\n\u2022\u00a0\u00a0\u00a0Situacije u kojima mi vas kontaktiramo, i to putem telefona ili e-po\u0161te.<\/span><\/p>\n<p align=\"JUSTIFY\"><span style=\"color: #000000; font-family: Arial; font-size: 15px;\">\u00a0<\/span><\/p>\n<p align=\"JUSTIFY\"><span style=\"font-family: Arial; font-size: 15px;\"><strong><span style=\"color: #000000;\">Osobni podaci koje automatski prikupljamo<\/span><\/strong><\/span><\/p>\n<p align=\"JUSTIFY\"><span style=\"color: #000000; font-family: Arial; font-size: 15px;\">Kada pristupate na\u0161oj web stranici, mi prikupljamo tehni\u010dke informacije, uklju\u010duju\u0107i i IP adresu (adresu internetskog protokola), koja se koristi za spajanje va\u0161eg ra\u010dunala s Internetom, podatke o pretra\u017eiva\u010du i verziju, postavke vremenske zone, plug-in dodatak pretra\u017eiva\u010da te verzije, operativni sustav i kori\u0161tenu platformu. Koristimo ove podatke u statisti\u010dke svrhe te ne povezujemo te podatke s imenovanim i identificiranim osobama.<\/span><\/p>\n<p align=\"JUSTIFY\"><span style=\"font-family: Arial; font-size: 15px;\"><strong><span style=\"color: #000000;\">Za\u0161to prikupljamo va\u0161e osobne podatke?\u00a0<\/span><\/strong><span style=\"color: #000000;\"><br \/>\nPrikupljamo, obra\u0111ujemo i koristimo va\u0161e osobne podatke iz nekoliko razloga, uklju\u010duju\u0107i:<\/span><\/span><\/p>\n<ul>\n<li>\n<p align=\"LEFT\"><span style=\"color: #000000; font-family: Arial; font-size: 15px;\">kako bismo osigurali da mo\u017eemo odgovoriti na va\u0161e upite te vas kontaktirati na va\u0161 zahtjev,<\/span><\/p>\n<\/li>\n<li>\n<p align=\"LEFT\"><span style=\"color: #000000; font-family: Arial; font-size: 15px;\">kako bismo vam omogu\u0107ili kori\u0161tenje na\u0161ih usluga,<\/span><\/p>\n<\/li>\n<li>\n<p align=\"LEFT\"><span style=\"color: #000000; font-family: Arial; font-size: 15px;\">radi pohrane va\u0161ih podataka (te a\u017euriranja) u na\u0161oj bazi podataka, a kako bismo vas mogli obavijestiti u slu\u010daju obavijesti e-mailom ili vam odgovorili na bilo koji upit;<\/span><\/p>\n<\/li>\n<li>\n<p align=\"LEFT\"><span style=\"color: #000000; font-family: Arial; font-size: 15px;\">u svrhu istra\u017eivanja za statisti\u010dke potrebe;<\/span><\/p>\n<\/li>\n<li>\n<p align=\"LEFT\"><span style=\"color: #000000; font-family: Arial; font-size: 15px;\">radi vo\u0111enja na\u0161e stranice za potrebe internih operativnih aktivnosti, uklju\u010duju\u0107i detektiranje kvara, analizu podataka, istra\u017eivanje, statisti\u010dke svrhe i u svrhu istra\u017eivanja<\/span><\/p>\n<\/li>\n<li>\n<p align=\"LEFT\"><span style=\"color: #000000; font-family: Arial; font-size: 15px;\">radi osiguranje efikasnog funkcioniranja softvera i usluga koje vam pru\u017eamo (uklju\u010duju\u0107i krizne situacije te povrat podataka)<\/span><\/p>\n<\/li>\n<li>\n<p align=\"LEFT\"><span style=\"color: #000000; font-family: Arial; font-size: 15px;\">u bilo koje druge svrhe uz va\u0161 pristanak.<\/span><\/p>\n<\/li>\n<\/ul>\n<p align=\"JUSTIFY\"><span style=\"color: #000000; font-family: Arial; font-size: 15px;\">Va\u0161e podatke ne dijelimo, ne ustupamo niti trgujemo va\u0161im osobnim podacima s tre\u0107im osobama u svrhe marketinga ili promocije.<br \/>\nPodijelit \u0107emo Va\u0161e podatke onda kada je to na\u0161a zakonska obveza, primjerice u ra\u010dunovodstvene i porezne svrhe ili ako je to potrebno u vezi s potencijalnim sporom. Na primjer, dijelimo fakture koje izdajemo i primamo kod na\u0161ih ra\u010dunovo\u0111a u svrhu popunjavanja poreznih prijava i ra\u010duna na kraju godine.<\/span><\/p>\n<p align=\"JUSTIFY\"><span style=\"font-family: Arial; font-size: 15px;\"><strong><span style=\"color: #000000;\">Koliko dugo \u010duvamo va\u0161e osobne podatke?<\/span><\/strong><span style=\"color: #000000;\"><br \/>\nNe\u0107emo \u010duvati va\u0161e osobne podatke du\u017ee nego \u0161to je to potrebno za svrhe radi koje iste prikupljamo, osim ako je, prema na\u0161em shva\u0107anju, zakonom ili drugim propisom propisan rok \u010duvanja (primjerice, na temelju zahtjeva poreznog tijela ili u vezi s potencijalnim sporom).<br \/>\nKada nam va\u0161i podaci vi\u0161e ne budu potrebni, osobne podatke o vama \u0107emo izbrisati iz na\u0161eg sustava.<\/span><\/span><\/p>\n<p align=\"JUSTIFY\"><span style=\"font-family: Arial; font-size: 15px;\"><strong><span style=\"color: #000000;\">Sigurnost va\u0161ih osobnih podataka\u00a0<\/span><\/strong><span style=\"color: #000000;\"><br \/>\nBrinemo o za\u0161titi va\u0161ih podataka. Kako bismo za\u0161titili va\u0161e podatke implementiramo odgovaraju\u0107e mjere koje su namijenjene sprje\u010davanju neovla\u0161tenog pristupa i zlouporabe va\u0161ih osobnih podataka.<br \/>\nPredano radimo kako bismo osigurali poduzimanje svih razumnih mjera za osiguravanje svih osobnih podataka koje imamo od zlouporaba, gubitka ili neovla\u0161tenog pristupa.<br \/>\nNa\u017ealost, slanje bilo kojih informacija putem Interneta uvijek donosi odre\u0111eni stupanj rizika. Bilo koje informacije koje \u0161aljete putem Interneta \u0161aljete na vlastiti rizik. Iako se trudimo poduzeti sve potrebne mjere za za\u0161titu va\u0161ih osobnih podataka, ne mo\u017eemo jam\u010diti sigurnosti podataka koje \u0161aljete putem Interneta te ne jam\u010dimo sigurnost bilo koje informacije, uklju\u010duju\u0107i i osobne podatke koja je slana putem Interneta.<br \/>\nU slu\u010daju da postoji sumnja na bilo koju zlouporabu ili gubitak ili neovla\u0161teni pristup bilo kojim osobnim podacima molimo vas da nas obavijestite o tome bez odgode.<\/span><\/span><\/p>\n<p align=\"JUSTIFY\"><span style=\"font-family: Arial; font-size: 15px;\"><strong><span style=\"color: #000000;\">Pravna osnova za obradu va\u0161ih osobnih podataka<\/span><\/strong><\/span><\/p>\n<p align=\"JUSTIFY\"><span style=\"font-family: Arial; font-size: 15px;\"><strong><span style=\"color: #000000;\">Kako bismo vam omogu\u0107ili kori\u0161tenje na\u0161ih usluga<\/span><\/strong><\/span><\/p>\n<p align=\"JUSTIFY\"><span style=\"color: #000000; font-family: Arial; font-size: 15px;\">Svrha ve\u0107ine na\u0161ih aktivnosti u kojima obra\u0111ujemo va\u0161e osobne podatke je omogu\u0107iti Vam kori\u0161tenje na\u0161ih osobnih podataka, poput situacija kada obra\u0111ujemo i prikupljamo Va\u0161e ime i prezime te e-mail ili kontakt telefon kako bismo s vama mogli komunicirati.<\/span><\/p>\n<p align=\"JUSTIFY\"><span style=\"font-family: Arial; font-size: 15px;\"><strong><span style=\"color: #000000;\">Legitimni interes<\/span><\/strong><\/span><\/p>\n<p align=\"JUSTIFY\"><span style=\"font-family: Arial; font-size: 15px;\"><span style=\"color: #000000;\">Primjerice, neke podatke o vama koristimo kako bismo imali informacije kojima bismo pobolj\u0161ali i olak\u0161ali pristup svojim djelatnostima i uslugama (<\/span>Lifestyle d.o.o. djelatnosti<span style=\"color: #000000;\">), te sve sadr\u017eaje dodatno usmjerili i prilagodili svim\u00a0svojim\u00a0suradnicima i korisnicima.\u00a0<\/span><\/span><\/p>\n<p align=\"JUSTIFY\"><span style=\"font-family: Arial; font-size: 15px;\"><strong><span style=\"color: #000000;\">Privola<\/span><\/strong><\/span><\/p>\n<p align=\"JUSTIFY\"><span style=\"color: #000000; font-family: Arial; font-size: 15px;\">U nekim slu\u010dajevima, a osobito ako koristimo, prikupljamo ili obra\u0111ujemo osobne podatke u svrhe koje nisu navedene u ovim Pravilima privatnosti obavijestit \u0107emo vas o tome te \u0107emo tra\u017eiti va\u0161u privolu prije nego \u0161to pristanete na ovakvu obradu va\u0161ih osobnih podataka. Danu privolu mo\u017eete povu\u0107i u svakom trenutku putem adrese e-po\u0161te koja je navedena na kraju ovih pravila privatnosti.<\/span><\/p>\n<p align=\"JUSTIFY\"><span style=\"color: #000000; font-family: Arial; font-size: 15px;\">U slu\u010daju da ste na to pristali, mo\u017eemo vas kontaktirati kori\u0161tenjem adrese e-po\u0161te koju ste nam u\u010dinili dostupnom prilikom davanja privole za kori\u0161tenje na\u0161e usluge.\u00a0<\/span><\/p>\n<p align=\"JUSTIFY\"><span style=\"font-family: Arial; font-size: 15px;\"><strong><span style=\"color: #000000;\">Va\u0161a prava<\/span><\/strong><span style=\"color: #000000;\"><br \/>\n\u010cak i ako ve\u0107 obra\u0111ujemo Va\u0161e osobne podatke, imate odre\u0111ena prava raspolagati Va\u0161im osobnim podacima, na dolje nazna\u010dene na\u010dine.<br \/>\n<\/span><strong><span style=\"color: #000000;\">Pristup.\u00a0<\/span><\/strong><span style=\"color: #000000;\">Imate pravo pristupiti osobnim podacima u bilo kojem trenutku te zatra\u017eiti da Vam omogu\u0107imo uvid u sve osobne podatke o Vama koje obra\u0111ujemo<\/span><strong><span style=\"color: #000000;\">.\u00a0\u00a0<\/span><\/strong><span style=\"color: #000000;\"><br \/>\n<\/span><strong><span style=\"color: #000000;\">Prigovor.\u00a0<\/span><\/strong><span style=\"color: #000000;\">Imate pravo prigovoriti odre\u0111enim aktivnostima obrade osobnih podataka, primjerice obradi osobnih podataka na temelju na\u0161eg legitimnog interesa, poput izravnog kontaktiranja.<br \/>\n<\/span><strong><span style=\"color: #000000;\">Prijenos.\u00a0<\/span><\/strong><span style=\"color: #000000;\">Imate pravo zatra\u017eiti prijenos podataka o Vama drugom pru\u017eatelju usluga. Ovo pravo Vam omogu\u0107uje da zatra\u017eite od nas da Vam dostavimo sve podatke o Vama u uobi\u010dajenom strojno \u010ditljivom obliku ili da ih izravno uputimo drugom pru\u017eatelju usluga<\/span><strong><span style=\"color: #000000;\">.\u00a0<\/span><\/strong><span style=\"color: #000000;\"><br \/>\n<\/span><strong><span style=\"color: #000000;\">A\u017euriranje.\u00a0<\/span><\/strong><span style=\"color: #000000;\">Imate pravo a\u017eurirati, ispraviti ili dopuniti Va\u0161e osobne podatke u bilo kojem trenutku slanjem adresu e-po\u0161te\u00a0<\/span><a href=\"mailto:info@lifestyle.hr\"><span style=\"color: #000000;\"><u>info@lifestyle.hr<\/u><\/span><\/a><span style=\"color: #000000;\">.<br \/>\n<\/span><strong><span style=\"color: #000000;\">Brisanje.\u00a0<\/span><\/strong><span style=\"color: #000000;\">Mo\u017eete zatra\u017eiti brisanje informacija koje imamo o Vama, putem adrese e-po\u0161te\u00a0<\/span><a href=\"mailto:info@lifestyle.hr\"><span style=\"color: #000000;\"><u>info@lifestyle.hr<\/u><\/span><\/a><span style=\"color: #000000;\">\u00a0.<br \/>\n<\/span><strong><span style=\"color: #000000;\">Pritu\u017eba.\u00a0<\/span><\/strong><span style=\"color: #000000;\">U slu\u010daju da imate prigovora na na\u0161 rad mo\u017eete podnijeti pritu\u017ebu nadzornom tijelu za za\u0161titu osobnih podataka:<\/span><\/span><\/p>\n<p align=\"JUSTIFY\"><span style=\"color: #000000; font-family: Arial; font-size: 15px;\">Agencija za za\u0161titu osobnih podataka<br \/>\nMarti\u0107eva ulica 14<br \/>\nHR &#8211; 10 000 Zagreb<br \/>\nTel. 00385 (0)1 4609-000<br \/>\nFax. 00385 (0)1 4609-099<br \/>\nE-mail: azop@azop.hr<br \/>\nWeb: www.azop.hr<\/span><\/p>\n<p align=\"JUSTIFY\"><span style=\"color: #000000; font-family: Arial; font-size: 15px;\">Molimo Vas da vodite ra\u010duna o tome da \u0107emo evidentirati na\u0161u komunikaciju o ovim zahtjevima, kako bismo mogli rije\u0161iti bilo koji potencijalni spor.<br \/>\nU trenutku kada nam se javite posredstvom kori\u0161tenja web stranice od vas tra\u017eimo pojedina\u010dnu i posebnu privolu kako biste nam dopustili kori\u0161tenje va\u0161ih osobnih podataka na odre\u0111eni na\u010din. U slu\u010daju da nam za bilo \u0161to bude potrebna va\u0161a privola u budu\u0107nosti, dostaviti \u0107emo vam informacije koje \u0107e biti dostatne kako biste mogli odlu\u010diti o davanju privole.<br \/>\nImate pravo povu\u0107i danu privolu u bilo kojem trenutku. U ranijem dijelu teksta, je detaljno navedeno kako to pravo mo\u017eete ostvariti.<\/span><\/p>\n<p align=\"JUSTIFY\"><span style=\"font-family: Arial; font-size: 15px;\"><strong><span style=\"color: #000000;\">Kola\u010di\u0107i (<\/span><\/strong><em><span style=\"color: #000000;\">Cookies<\/span><\/em><strong><span style=\"color: #000000;\">)<\/span><\/strong><\/span><\/p>\n<p align=\"JUSTIFY\"><span style=\"font-family: Arial; font-size: 15px;\"><span style=\"color: #000000;\">&#8216;Kola\u010di\u0107i (<\/span><em><span style=\"color: #000000;\">Cookies<\/span><\/em><span style=\"color: #000000;\">)&#8217; su male koli\u010dine informacija koje na\u0161 web poslu\u017eitelj smje\u0161ta na web preglednik Va\u0161eg ra\u010dunala i koje se spremaju na hard drive va\u0161eg ure\u0111aja. Bilo koje spominjanje &#8216;kola\u010di\u0107a&#8217; u ovoj obavijesti, uklju\u010duje i druge vrste automatskog pristupanja ili pohrane informacija na va\u0161em ure\u0111aju. \u00a0<\/span><\/span><\/p>\n<p align=\"JUSTIFY\"><span style=\"color: #000000; font-family: Arial; font-size: 15px;\">Kada ste pristupili web stranici, dobili ste poruku kojom ste obavije\u0161teni o kori\u0161tenju kola\u010di\u0107a na ovoj stranici. Kako bismo vam dostavili tu poruku morali smo koristiti kola\u010di\u0107e. U slu\u010daju da odlu\u010dite koristiti ovu stranicu, daljnji kola\u010di\u0107i \u0107e se pohranjivati na va\u0161 ure\u0111aj, na dolje opisani na\u010din. Nastavkom kori\u0161tenja ove stranice, a nakon \u0161to vam je uru\u010dena obavijest, pristajete na kori\u0161tenje kola\u010di\u0107a na na\u010din na koji je to opisano u ovoj Obavijesti.\u00a0<\/span><\/p>\n<p align=\"JUSTIFY\"><span style=\"font-family: Arial; font-size: 15px;\"><span style=\"color: #000000;\">Mogu\u0107e je da koristimo\u00a0<\/span><em><span style=\"color: #000000;\">web beacone<\/span><\/em><span style=\"color: #000000;\">, odnosno slikovne datoteke na web stranicama koje se koriste u svrhu pra\u0107enja va\u0161eg putovanja po na\u0161im stranicama.<\/span><\/span><\/p>\n<p align=\"JUSTIFY\"><span style=\"color: #000000; font-family: Arial; font-size: 15px;\">U ostalim slu\u010dajevima mi ne koristimo kola\u010di\u0107e na ovoj stranici. Me\u0111utim, u slu\u010daju da na na\u0161im stranicama postoji sadr\u017eaj koji pru\u017eaju drugi pru\u017eatelji usluga, ti drugi pru\u017eatelji usluga mogu postaviti kola\u010di\u0107e na va\u0161em ra\u010dunalu ili mobilnom ure\u0111aju.<\/span><\/p>\n<p align=\"JUSTIFY\"><span style=\"font-family: Arial; font-size: 15px;\"><span style=\"color: #000000;\">Za vi\u0161e informacija o kola\u010di\u0107ima, uklju\u010duju\u0107i i kako podesiti va\u0161 internetski preglednik da ne prikuplja kola\u010di\u0107e posjetite:\u00a0\u00a0<\/span><a href=\"http:\/\/www.allaboutcookies.org\/\" target=\"_blank\" rel=\"noopener\">www.allaboutcookies.org\u00a0<\/a><span style=\"color: #000000;\">.<\/span><\/span><\/p>\n<p align=\"JUSTIFY\"><span style=\"font-family: Arial; font-size: 15px;\"><strong><span style=\"color: #000000;\">Google Analytics<\/span><\/strong><span style=\"color: #000000;\"><br \/>\nOva stranica koristi Google Analytics, analiti\u010dki servis dru\u0161tva Google Inc. (&#8220;Google&#8221;). Google Analytics koristi tkz. kola\u010di\u0107e, tekstualne datoteke koje se spremaju na ra\u010dunalima korisnika i koji omogu\u0107uju analizu na\u010dina kori\u0161tenja. Informacije koje se generiraju o kori\u0161tenju ove stranice se uobi\u010dajeno prenose na server Googlea u SAD gdje se ti podaci \u010duvaju. IP anonimizacija je aktivirana na ovoj stranici, tako da su IP adrese korisnika Googlea skra\u0107ene unaprijed kad je rije\u010d o dr\u017eavljanima Dr\u017eava \u010dlanica Europske unije ili dr\u017eava \u010dlanica Europskog gospodarskog prostora. Samo u iznimnim slu\u010dajevima se cijela IP adresa \u0161alje na Googleov server u SAD-u gdje se skra\u0107uje. U ime operatera ove stranice, Google \u0107e koristiti podatke radi utvr\u0111ivanja kori\u0161tenja ove stranice, sastaviti izvje\u0161taj o aktivnostima za druge svrhe povezane s kori\u0161tenjem ove stranice te kori\u0161tenjem Interneta, a radi pru\u017eanja usluga operateru web stranice.<br \/>\nIP adresa koju je va\u0161 internetski preglednik prikupio kao dio Google Analytics usluge ne\u0107e biti spojen s drugim podacima Googlea.\u00a0 Podaci koje prikupljamo putem alata Google Analytics su: broj posjetitelja, URLovi preko kojih su posjetitelji pristupili i pouzdane stranice.<br \/>\nMo\u017eete sprije\u010diti prikupljanje podataka koje generiraju ovi kola\u010di\u0107i aktiviranjem tkz.\u00a0 &#8220;<\/span><em><span style=\"color: #000000;\">opt-out cookie<\/span><\/em><span style=\"color: #000000;\">&#8221; postavke na va\u0161em ra\u010dunalu \u2013\u00a0<\/span><a href=\"https:\/\/tools.google.com\/dlpage\/gaoptout?hl=en-GB\">ovdje<\/a><span style=\"color: #000000;\">\u00a0mo\u017eete saznati vi\u0161e informacija o tome kako to u\u010diniti. Saznajte vi\u0161e o politici za\u0161tite osobnih podataka Google Analyticsa\u00a0\u00a0<\/span><a href=\"https:\/\/policies.google.com\/?hl=en-GB\">ovdje<\/a><span style=\"color: #000000;\">.<\/span><\/span><\/p>\n<p align=\"JUSTIFY\"><span style=\"font-family: Arial; font-size: 15px;\"><strong><span style=\"color: #000000;\">Autorska prava<\/span><\/strong><span style=\"color: #000000;\"><br \/>\nLifestyle d.o.o. pola\u017ee autorska prava na sve vlastite sadr\u017eaje (tekstualne, vizualne i audio materijale, baze podataka i programerski kod). Neovla\u0161teno kori\u0161tenje bilo kojeg dijela, bez dozvole vlasnika autorskih prava, smatra se kr\u0161enjem autorskih prava\u00a0web stranice www.lifestyle.hr i podlo\u017eno je tu\u017ebi.\u00a0<\/span><\/span><\/p>\n<p align=\"JUSTIFY\"><span style=\"font-family: Arial; font-size: 15px;\"><strong><span style=\"color: #000000;\">Izmjene uvjeta kori\u0161tenja<\/span><\/strong><span style=\"color: #000000;\">\u00a0<\/span><\/span><\/p>\n<p align=\"JUSTIFY\"><span style=\"color: #000000; font-family: Arial; font-size: 15px;\">Lifestyle d.o.o. zadr\u017eava pravo izmjene ovih uvjeta kori\u0161tenja u bilo kojem trenutku.<\/span><\/p>\n","protected":false},"excerpt":{"rendered":"<p>Uvjeti kori\u0161tenja Svi podaci objavljeni na www.lifestyle.hr sastoje se od vlastitih &#8230; <\/p>\n","protected":false},"author":1,"featured_media":0,"parent":0,"menu_order":0,"comment_status":"closed","ping_status":"closed","template":"","meta":{"footnotes":""},"class_list":["post-784","page","type-page","status-publish","hentry"],"_links":{"self":[{"href":"https:\/\/lifestyle.hr\/index.php?rest_route=\/wp\/v2\/pages\/784","targetHints":{"allow":["GET"]}}],"collection":[{"href":"https:\/\/lifestyle.hr\/index.php?rest_route=\/wp\/v2\/pages"}],"about":[{"href":"https:\/\/lifestyle.hr\/index.php?rest_route=\/wp\/v2\/types\/page"}],"author":[{"embeddable":true,"href":"https:\/\/lifestyle.hr\/index.php?rest_route=\/wp\/v2\/users\/1"}],"replies":[{"embeddable":true,"href":"https:\/\/lifestyle.hr\/index.php?rest_route=%2Fwp%2Fv2%2Fcomments&post=784"}],"version-history":[{"count":0,"href":"https:\/\/lifestyle.hr\/index.php?rest_route=\/wp\/v2\/pages\/784\/revisions"}],"wp:attachment":[{"href":"https:\/\/lifestyle.hr\/index.php?rest_route=%2Fwp%2Fv2%2Fmedia&parent=784"}],"curies":[{"name":"wp","href":"https:\/\/api.w.org\/{rel}","templated":true}]}}