{"id":825,"date":"2018-10-30T11:48:19","date_gmt":"2018-10-30T11:48:19","guid":{"rendered":"https:\/\/lifestyle.hr\/?page_id=825"},"modified":"2019-06-29T05:49:48","modified_gmt":"2019-06-29T05:49:48","slug":"elisa-tomellini","status":"publish","type":"page","link":"https:\/\/lifestyle.hr\/?page_id=825","title":{"rendered":"Elisa Tomellini"},"content":{"rendered":"<div class=\"wpb-content-wrapper\"><p>[vc_row][vc_column width=&#8221;1\/2&#8243;]<div class=\"cz_gap clr  hide_on_tablet hide_on_mobile\" style=\"height: 47px\"><\/div><div class=\"cz_gap show_on_tablet clr \" style=\"height: 30px\"><\/div><div id=\"cz_12626\" data-position=\"top-right\" class=\"cz_12626 cz_image clr cz_image_no_fx center_on_mobile\"><div class=\"\" ><div class=\"cz_image_in\"><div class=\"cz_main_image\"><img fetchpriority=\"high\" loading=\"eager\" decoding=\"sync\" data-no-lazy=\"1\" width=\"508\" height=\"511\" src=\"https:\/\/lifestyle.hr\/wp-content\/uploads\/2018\/10\/Elisa-Tomellini_foto-8-17.jpg\" class=\"attachment-large\" alt=\"Elisa Tomellini foto 8 17\" title=\"Elisa Tomellini_foto 8-17\" srcset=\"https:\/\/lifestyle.hr\/wp-content\/uploads\/2018\/10\/Elisa-Tomellini_foto-8-17.jpg 508w, https:\/\/lifestyle.hr\/wp-content\/uploads\/2018\/10\/Elisa-Tomellini_foto-8-17-80x80.jpg 80w, https:\/\/lifestyle.hr\/wp-content\/uploads\/2018\/10\/Elisa-Tomellini_foto-8-17-298x300.jpg 298w\" sizes=\"(max-width: 508px) 100vw, 508px\"  \/><\/div><\/div><\/div><\/div>[\/vc_column][vc_column width=&#8221;1\/2&#8243;]<div class=\"cz_gap clr  hide_on_tablet hide_on_mobile\" style=\"height: 30px\"><\/div><div class=\"cz_gap show_on_tablet clr \" style=\"height: 30px\"><\/div><div id=\"cz_71372\" class=\"cz_71372 cz_title clr cz_title_ba_line cz_title_pos_inline\"><div class=\"cz_title_content\"><div class=\"cz_wpe_content\"><h2 class=\"western\" align=\"LEFT\"><span style=\"color: #444444; font-family: Arial; font-size: 20px;\"><b>ELISA TOMELLINI<\/b><\/span><\/h2>\n<\/div><div class=\"cz_title_line cz_line_after_title\"><span>_<\/span><\/div><\/div><\/div>[vc_column_text css=&#8221;.vc_custom_1540900097417{margin-bottom: 40px !important;}&#8221;]<\/p>\n<p align=\"JUSTIFY\"><span style=\"color: #000000; font-family: Arial; font-size: 16px;\">ELISA TOMELLINI, pijanistica i alpinistica &#8211; ugledni britanski list &#8220;The Guardian&#8221; opisao je talijansku pijanisticu Elisu Tomellini, rodom iz Genove, kao jedan od najsvjetlijih talenata iznimne generacije mladih pijanista. Pobijedila je ili je bila nagra\u0111ena na brojnim me\u0111unarodnim natjecanjima, uklju\u010duju\u0107i \u2018Viotti Valsesia\u2019, \u2018Concorso di Cant\u00f9\u2019 i \u2018Concorso Citt\u00e0 di Pavia\u2019. Magazin &#8220;Piano Time&#8221; definirao je Elisu Tomellini kao obe\u0107avaju\u0107u nadu talijanskog pijanizma. Nakon slobodnoga studijskog razdoblja tijekom kojega je nekoliko godina \u017eivjela u Alpama gdje je razvila strast prema trekkingu i planinarenju, da bi naknadno nastavila s istra\u017eivanjem i osvajanjem planina u najudaljenijim dijelovima svijeta, Elisa se vratila koncertiranju debijem u Kennedy Centru u Washingtonu te u dvorani Gewandhaus u Leipzigu. U srpnju 2017. nakon dugih priprema realizirala je pothvat &#8220;Koncert na najvi\u0161oj kvoti na svijetu&#8221; na vrhu Monte Rosa na 4460 metara nadmorske visine. Prihodi od distrubucije dokumentarnog filma o pothvatu, biti \u0107e namijenjeni u humanitarne svrhe.<\/span><\/p>\n<p>[\/vc_column_text][\/vc_column][\/vc_row][vc_row][vc_column][vc_column_text]<\/p>\n<p align=\"JUSTIFY\"><span style=\"font-family: Arial; color: #666666;\"><strong><span style=\"font-size: small;\">ELISA TOMELLINI, pijanistica i alpinistica<\/span><\/strong><\/span><\/p>\n<p align=\"JUSTIFY\"><span style=\"font-family: Arial; color: #666666;\"><span style=\"font-size: small;\">Ugledni britanski list\u00a0<\/span><em><span style=\"font-size: small;\">The Guardian<\/span><\/em><span style=\"font-size: small;\">opisao je Elisu Tomellini kao jedan od najsvjetlijih talenata iznimne generacije mladih pijanista.<\/span><\/span><\/p>\n<p align=\"JUSTIFY\"><span style=\"color: #666666; font-family: Arial;\"><span style=\"font-size: small;\">Elisa, rodom iz Genove, po\u010dela je s u\u010denjem klavira u dobi od pet godina pod vodstvom Lidie Arcuri Baldecchi. Nastavila je studij klavira \u00a0uz Ilonku Deckers-Kuszler u Milanu i Lauru Palmieri u Veroni; sa \u0161esnaest godina primljena je na presti\u017enu akademiju &#8220;Incontri col Maestro&#8221; u Imoli, gdje su je pou\u010davali Alexander Lonquich, Riccardo Risaliti, Franco Scala, Joaqu\u00edn Ach\u00facarro i Piero Rattalino. Poha\u0111ala je i brojne majstorske te\u010dajeve presti\u017enih majstora kao \u0161to su Maurizio Pollini, Svjatoslav Richter, Lazar Berman.<\/span><\/span><\/p>\n<p align=\"JUSTIFY\"><span style=\"color: #666666; font-family: Arial;\"><span style=\"font-size: small;\">Diplomirala je s odli\u010dnim ocjenama i pohvalama na Konzervatoriju Giuseppe Verdi u Milanu 1997. godine nakon \u010dega nastavlja studij kod Vincenza Balzanija, s kojim pro\u0161iruje svoj repertoar i usavr\u0161ava instrumentalnu tehniku.<\/span><\/span><\/p>\n<p align=\"JUSTIFY\"><span style=\"font-family: Arial; color: #666666;\"><span style=\"font-size: small;\">Pobijedila je ili je bila nagra\u0111ena na brojnim me\u0111unarodnim natjecanjima, uklju\u010duju\u0107i\u00a0<\/span><em><span style=\"font-size: small;\">\u2018Viotti Valsesia\u2019, \u2018Concorso di Cant\u00f9\u2019\u00a0<\/span><\/em><span style=\"font-size: small;\">i<\/span><em><span style=\"font-size: small;\">\u00a0\u2018Concorso Citt\u00e0 di Pavia\u2019,<\/span><\/em><span style=\"font-size: small;\">\u00a0da spomenemo samo nekoliko. Magazin\u00a0<\/span><em><span style=\"font-size: small;\">Time<\/span><\/em><span style=\"font-size: small;\">\u00a0definirao je Elisu Tomellini kao obe\u0107avaju\u0107u nadu talijanskog pijanizma.<\/span><\/span><\/p>\n<p align=\"JUSTIFY\"><span style=\"font-family: Arial; color: #666666;\"><span style=\"font-size: small;\">Nastupala je na recitalima i uz orkestre u Italiji i inozemstvu na mnogim koncertnim scenama, uklju\u010duju\u0107i i\u00a0<\/span><em><span style=\"font-size: small;\">Societa&#8217; dei concerti<\/span><\/em><span style=\"font-size: small;\">\u00a0u Milanu,\u00a0<\/span><em><span style=\"font-size: small;\">Teatro Carlo Felice<\/span><\/em><span style=\"font-size: small;\">\u00a0u Genovi, Orkestar filharmonijskog teatra\u00a0 u Veroni, a gostovala je i na turnejama u Sloveniji, Ma\u0111arskoj, Rumunjskoj, Hrvatskoj i Srbiji.<\/span><\/span><\/p>\n<p align=\"JUSTIFY\"><span style=\"color: #666666; font-family: Arial;\"><span style=\"font-size: small;\">Nekoliko njezinih koncerata emitirano je na RAI Radio 3.<\/span><\/span><\/p>\n<p align=\"JUSTIFY\"><span style=\"font-family: Arial; color: #666666;\"><span style=\"font-size: small;\">Nakon slobodnoga studijskog razdoblja tijekom kojega je nekoliko godina \u017eivjela u Alpama gdje je razvila strast prema trekkingu i planinarenju, da bi naknadno nastavila\u00a0 s istra\u017eivanjem i osvajanjem planina u najudaljenijim dijelovima svijeta, Elisa se vratila koncertiranju\u00a0 debijem u\u00a0<\/span><em><span style=\"font-size: small;\">Kennedy Centru<\/span><\/em><span style=\"font-size: small;\">\u00a0u Washingtonu te u dvorani\u00a0<\/span><em><span style=\"font-size: small;\">Gewandhaus<\/span><\/em><span style=\"font-size: small;\">\u00a0u Leipzigu.<\/span><\/span><\/p>\n<p align=\"JUSTIFY\"><span style=\"color: #666666; font-family: Arial;\"><span style=\"font-size: small;\">Snimala je za etiketu Vermeer, a njezin najnoviji nosa\u010d zvuka za etiketu Piano Classics u potpunosti je posve\u0107en neobjavljenim djelima Sergeja Rahmanjinova, uklju\u010duju\u0107i novoprona\u0111enu Suitu u d-molu i druge rane radove.<\/span><\/span><\/p>\n<p align=\"JUSTIFY\"><span style=\"color: #666666; font-family: Arial;\"><span style=\"font-size: small;\">Aktivna i u komornoj glazbi, Elisa je sura\u0111ivala s Andreom Bacchettijem, Olafom Jhon Laneri, Giuliom Plotina, Cristianom Rossi, Lucom Franzetti, Bin Huangom i Massimom Quarta.\u00a0Nastupila je i u programu s dva klavira izme\u0111u klasike i jazza s Andreom Pozzom.<\/span><\/span><\/p>\n<p align=\"JUSTIFY\"><span style=\"color: #666666; font-family: Arial;\"><span style=\"font-size: small;\">Elisa Tomellini posve\u0107uje se \u00a0\u0161irokome repertoaru u rasponu od romanti\u010darskog i ruskog &#8211; kojemu \u010desto posve\u0107uje \u010ditave recitale &#8211; do novih \u017eanrova, primjerice Tango Nuevo,\u00a0 djela Astora Piazzolle koja izvodi u vlastitim aran\u017emanima.<\/span><\/span><\/p>\n<p align=\"JUSTIFY\"><span style=\"color: #666666; font-family: Arial;\"><span style=\"font-size: small;\">Novi projekti obhva\u0107aju \u00a0suradnju u Triju sa Gillesom Apapom i Lucom Franzettijem, te snimanje Lisztovih Transcendentalnih koncertantnih etida na temu Paganinija &#8211; prva verzija 1838, \u00a0u Luganu\/\u0160vicarska Radio RSI za etiketu Dynamic. Radi se o prvoj \u00a0svjetskoj izvedbi tih djela od strane jedne \u017eene.<\/span><\/span><\/p>\n<p align=\"JUSTIFY\"><span style=\"color: #666666; font-family: Arial;\"><span style=\"font-size: small;\">Kako bi zaklju\u010dila krug svoja dva \u017eivota, onoga pijanisti\u010dkog \u00a0i \u017eivota u kojemu je privremeno napustila glazbu kako bi otkrila svjetske ljepote,\u00a0nakon uspona na vrh Monte Rosa u Alpama visok 4460 metara, 8. srpnja 2017. izvela je \u00a0&#8220;Koncert na najvi\u0161oj kvoti na svijetu&#8221; na vrhu Monte Rosa na 4460 metara nadmorske visine.\u00a0<\/span><\/span><\/p>\n<p align=\"JUSTIFY\"><span style=\"color: #666666; font-family: Arial;\"><span style=\"font-size: small;\">Radi se o koncertu koji predstavlja mnogo vi\u0161e od osobnog rekorda. Elisa namjerava donirati filmska prikaziva\u010dka prava Asocijaciji Sanonani, organizaciji \u00a0koja vodi dje\u010dji dom i \u0161kolu u Nepalu, Kathmandu.<\/span><\/span><\/p>\n<p align=\"JUSTIFY\"><span style=\"color: #666666; font-family: Arial;\"><span style=\"font-size: small;\">Elisa Tomellini virtuozna je pijanistica koju svakako treba poslu\u0161ati.<\/span><\/span><\/p>\n<p>[\/vc_column_text][\/vc_column][\/vc_row][vc_row][vc_column]<div id=\"cz_69630\" class=\"cz_69630 cz_title clr cz_title_ba_line cz_title_pos_inline\"><div class=\"cz_title_content\"><div class=\"cz_wpe_content\"><h2 class=\"western\" align=\"LEFT\"><span style=\"color: #444444; font-family: Arial; font-size: 20px;\"><b>ELISA TOMELLINI &#8211; recenzija<\/b><\/span><\/h2>\n<\/div><div class=\"cz_title_line cz_line_after_title\"><span>_<\/span><\/div><\/div><\/div>[vc_column_text]<\/p>\n<p align=\"JUSTIFY\"><span style=\"color: #666666;\"><span style=\"font-family: Verdana, Arial, Helvetica, sans-serif;\"><span style=\"font-size: small;\">&#8230; &#8220;Njezin je Rahmanjinov promi\u0161ljen, meditativan, rafiniran u tehni\u010dkim rje\u0161enjima, prekrasno superioran u tehni\u010dki zahtjevnim pasa\u017eima, sposoban za prozra\u010dna fraziranja, duboko \u017eenstven u izvedbi, sveden na \u0161armantne minijature &#8230;&#8221;<\/span><\/span><\/span><\/p>\n<p align=\"JUSTIFY\"><span style=\"color: #666666;\"><span style=\"font-family: Verdana, Arial, Helvetica, sans-serif;\"><span style=\"font-size: small;\">&#8220;Nemogu\u0107e je ne ostati o\u010daran pred Elisinom izvedbom, \u00a0suosje\u0107ajnom do ganu\u0107a, djela Astora Piazzolle. Izmjenjivanje neumoljivih ritmi\u010dkih skandiranja u oazi iberijske melankolije poja\u010dano je preradama same pijanistice, kojima nikad ne pada u isku\u0161enje da duh ove glazbe\u00a0 izda nekakvim digitalnim egzibicijama ili neumjesnom sladunjavo\u0161\u0107u.&#8221;<\/span><\/span><\/span><\/p>\n<p align=\"JUSTIFY\"><span style=\"color: #666666;\"><span style=\"font-family: Verdana, Arial, Helvetica, sans-serif;\"><span style=\"font-size: small;\">&#8230;. &#8220;Zaista je treba poslu\u0161ati!&#8221;<\/span><\/span><\/span><\/p>\n<p align=\"JUSTIFY\"><span style=\"color: #666666;\">\u00a0 \u00a0 \u00a0 \u00a0 \u00a0 \u00a0 \u00a0 \u00a0 \u00a0 \u00a0 \u00a0 \u00a0 \u00a0 \u00a0 \u00a0 \u00a0 \u00a0 \u00a0 \u00a0 \u00a0 \u00a0 \u00a0 \u00a0 \u00a0 \u00a0 \u00a0 \u00a0 \u00a0 \u00a0 \u00a0 \u00a0 \u00a0 \u00a0 \u00a0 \u00a0 \u00a0 \u00a0 \u00a0 \u00a0 \u00a0 \u00a0 \u00a0 \u00a0 \u00a0 \u00a0 \u00a0 \u00a0<span style=\"font-family: Verdana, Arial, Helvetica, sans-serif;\"><span style=\"font-size: small;\">&#8220;Musica&#8221;, travanj 2016.<\/span><\/span><\/span><\/p>\n<p align=\"JUSTIFY\"><span style=\"color: #666666;\"><span style=\"font-family: Verdana, Arial, Helvetica, sans-serif;\"><span style=\"font-size: small;\">&#8220;Elisa Tomellini\u00a0 bez svake sumnje, pokazuje da dobro zna \u0161to uistinu zna\u010di svirati &#8220;piano&#8221;: ostavlja note jasnima i nje\u017enima, savr\u0161eno razumljivim te istodobno neuhvatljivim. \u2026Njezino fraziranje zna biti hrapavo poput \u017eivota pro\u017eivljenog u divljem krajoliku, ne samo onog kojemu smo se divili ili ga naslikali &#8230; U svijetu ma\u0161te ove umjetnice slu\u0161atelj mo\u017ee prona\u0107i puno suglasje\u00a0 uz plasti\u010dnost zvukova koji kao da pro\u017eimaju njezine nastupe kroz svje\u017ee i neopipljive atmosfere, sigurna sidra, ravnote\u017eu razli\u010ditih tekstura i volumena, mirnih staza i strmih prolaze.\u201d \u00a0 \u00a0 \u00a0 \u00a0 \u00a0 \u00a0 \u00a0 \u00a0 \u00a0 \u00a0 \u00a0 \u00a0 \u00a0 \u00a0 \u00a0 \u00a0 \u00a0 \u00a0 \u00a0 \u00a0 \u00a0 \u00a0 \u00a0 \u00a0 \u00a0 \u00a0 \u00a0 \u00a0 \u00a0 \u00a0 \u00a0 \u00a0<\/span><\/span><\/span><\/p>\n<p align=\"JUSTIFY\"><span style=\"color: #666666;\">\u00a0 \u00a0 \u00a0 \u00a0 \u00a0 \u00a0 \u00a0 \u00a0 \u00a0 \u00a0 \u00a0 \u00a0 \u00a0 \u00a0 \u00a0 \u00a0 \u00a0 \u00a0 \u00a0 \u00a0 \u00a0 \u00a0 \u00a0 \u00a0 \u00a0 \u00a0 \u00a0 \u00a0 \u00a0 \u00a0 \u00a0 \u00a0 \u00a0 \u00a0 \u00a0 \u00a0 \u00a0 \u00a0 \u00a0 \u00a0 \u00a0 \u00a0 \u00a0 \u00a0 \u00a0 \u00a0 \u00a0 \u00a0 \u00a0 \u00a0\u2013 <span style=\"font-family: Verdana, Arial, Helvetica, sans-serif;\"><span style=\"font-size: small;\">Roberta Pedrotti\u00a0<\/span><\/span><\/span><\/p>\n<p>[\/vc_column_text][\/vc_column][\/vc_row][vc_row][vc_column width=&#8221;1\/3&#8243;]<div id=\"cz_15509\" class=\"cz_15509 cz_title clr cz_title_ba_line cz_title_pos_inline\"><div class=\"cz_title_content\"><div class=\"cz_wpe_content\"><\/div><div class=\"cz_title_line cz_line_after_title\"><span>_<\/span><\/div><\/div><\/div>[vc_column_text][\/vc_column_text][vc_column_text][\/vc_column_text][\/vc_column][vc_column width=&#8221;1\/3&#8243;]<div class=\"cz_gap clr  hide_on_tablet hide_on_mobile\" style=\"height: 80px\"><\/div><div class=\"cz_gap show_on_tablet clr \" style=\"height: 30px\"><\/div>[vc_column_text][\/vc_column_text][vc_column_text][\/vc_column_text][\/vc_column][vc_column width=&#8221;1\/3&#8243;]<div class=\"cz_gap clr  hide_on_tablet hide_on_mobile\" style=\"height: 80px\"><\/div><div class=\"cz_gap show_on_tablet clr \" style=\"height: 30px\"><\/div>[vc_column_text][\/vc_column_text][vc_column_text][\/vc_column_text][\/vc_column][\/vc_row][vc_row][vc_column width=&#8221;1\/3&#8243;][vc_column_text]<iframe loading=\"lazy\" src=\"https:\/\/www.youtube.com\/embed\/HiTw19OUxDE\" width=\"560\" height=\"315\" frameborder=\"0\" allowfullscreen=\"allowfullscreen\"><\/iframe>[\/vc_column_text][vc_column_text]<iframe loading=\"lazy\" src=\"https:\/\/www.youtube.com\/embed\/25St6t4go9k\" width=\"560\" height=\"315\" frameborder=\"0\" allowfullscreen=\"allowfullscreen\"><\/iframe>[\/vc_column_text][vc_column_text]<iframe loading=\"lazy\" src=\"https:\/\/www.youtube.com\/embed\/D_NKkzErDkM\" width=\"560\" height=\"315\" frameborder=\"0\" allowfullscreen=\"allowfullscreen\"><\/iframe>[\/vc_column_text][vc_column_text]<iframe loading=\"lazy\" src=\"https:\/\/www.youtube.com\/embed\/D_NKkzErDkM\" width=\"560\" height=\"315\" frameborder=\"0\" allowfullscreen=\"allowfullscreen\"><\/iframe>[\/vc_column_text][vc_column_text]<iframe loading=\"lazy\" src=\"https:\/\/www.youtube.com\/embed\/DqAkwzGNuVc\" width=\"560\" height=\"315\" frameborder=\"0\" allowfullscreen=\"allowfullscreen\"><\/iframe>[\/vc_column_text][vc_column_text]<iframe loading=\"lazy\" src=\"https:\/\/www.youtube.com\/embed\/syEECevAL3k\" width=\"560\" height=\"315\" frameborder=\"0\" allowfullscreen=\"allowfullscreen\"><\/iframe>[\/vc_column_text][\/vc_column][vc_column width=&#8221;1\/3&#8243;][vc_column_text]<iframe loading=\"lazy\" src=\"https:\/\/www.youtube.com\/embed\/6dbpLdrM_Fc\" width=\"560\" height=\"315\" frameborder=\"0\" allowfullscreen=\"allowfullscreen\"><\/iframe>[\/vc_column_text][vc_column_text]<iframe loading=\"lazy\" src=\"https:\/\/www.youtube.com\/embed\/SBUDkaNTMSc\" width=\"560\" height=\"315\" frameborder=\"0\" allowfullscreen=\"allowfullscreen\"><\/iframe>[\/vc_column_text][vc_column_text]<iframe loading=\"lazy\" src=\"https:\/\/www.youtube.com\/embed\/3Bh8Zqsfjec\" width=\"560\" height=\"315\" frameborder=\"0\" allowfullscreen=\"allowfullscreen\"><\/iframe>[\/vc_column_text][vc_column_text]<iframe loading=\"lazy\" src=\"https:\/\/www.youtube.com\/embed\/3Bh8Zqsfjec\" width=\"560\" height=\"315\" frameborder=\"0\" allowfullscreen=\"allowfullscreen\"><\/iframe>[\/vc_column_text][vc_column_text]<iframe loading=\"lazy\" src=\"https:\/\/www.youtube.com\/embed\/aKAdoHdQK1M\" width=\"560\" height=\"315\" frameborder=\"0\" allowfullscreen=\"allowfullscreen\"><\/iframe>[\/vc_column_text][\/vc_column][vc_column width=&#8221;1\/3&#8243;][vc_column_text]<iframe loading=\"lazy\" src=\"https:\/\/www.youtube.com\/embed\/NjKGZ7fPv0A\" width=\"560\" height=\"315\" frameborder=\"0\" allowfullscreen=\"allowfullscreen\"><\/iframe>[\/vc_column_text][vc_column_text]<iframe loading=\"lazy\" src=\"https:\/\/www.youtube.com\/embed\/0qg_T89YXPI\" width=\"560\" height=\"315\" frameborder=\"0\" allowfullscreen=\"allowfullscreen\"><\/iframe>[\/vc_column_text][vc_column_text]<iframe loading=\"lazy\" src=\"https:\/\/www.youtube.com\/embed\/unq_8G43R04\" width=\"560\" height=\"315\" frameborder=\"0\" allowfullscreen=\"allowfullscreen\"><\/iframe>[\/vc_column_text][vc_column_text]<iframe loading=\"lazy\" src=\"https:\/\/www.youtube.com\/embed\/GoBz-zYWhT8\" width=\"560\" height=\"315\" frameborder=\"0\" allowfullscreen=\"allowfullscreen\"><\/iframe>[\/vc_column_text][vc_column_text]<iframe loading=\"lazy\" src=\"https:\/\/www.youtube.com\/embed\/g_Es992X5yE\" width=\"560\" height=\"315\" frameborder=\"0\" allowfullscreen=\"allowfullscreen\"><\/iframe>[\/vc_column_text][\/vc_column][\/vc_row]<\/p>\n<\/div>","protected":false},"excerpt":{"rendered":"<p>ELISA TOMELLINI, pijanistica i alpinistica &#8211; ugledni britanski list &#8220;The Guardian&#8221; &#8230; <\/p>\n","protected":false},"author":1,"featured_media":0,"parent":0,"menu_order":0,"comment_status":"closed","ping_status":"closed","template":"","meta":{"footnotes":""},"class_list":["post-825","page","type-page","status-publish","hentry"],"_links":{"self":[{"href":"https:\/\/lifestyle.hr\/index.php?rest_route=\/wp\/v2\/pages\/825","targetHints":{"allow":["GET"]}}],"collection":[{"href":"https:\/\/lifestyle.hr\/index.php?rest_route=\/wp\/v2\/pages"}],"about":[{"href":"https:\/\/lifestyle.hr\/index.php?rest_route=\/wp\/v2\/types\/page"}],"author":[{"embeddable":true,"href":"https:\/\/lifestyle.hr\/index.php?rest_route=\/wp\/v2\/users\/1"}],"replies":[{"embeddable":true,"href":"https:\/\/lifestyle.hr\/index.php?rest_route=%2Fwp%2Fv2%2Fcomments&post=825"}],"version-history":[{"count":0,"href":"https:\/\/lifestyle.hr\/index.php?rest_route=\/wp\/v2\/pages\/825\/revisions"}],"wp:attachment":[{"href":"https:\/\/lifestyle.hr\/index.php?rest_route=%2Fwp%2Fv2%2Fmedia&parent=825"}],"curies":[{"name":"wp","href":"https:\/\/api.w.org\/{rel}","templated":true}]}}