{"id":841,"date":"2018-10-30T13:24:51","date_gmt":"2018-10-30T13:24:51","guid":{"rendered":"https:\/\/lifestyle.hr\/?page_id=841"},"modified":"2019-06-30T17:06:34","modified_gmt":"2019-06-30T17:06:34","slug":"henschel-quartet","status":"publish","type":"page","link":"https:\/\/lifestyle.hr\/?page_id=841","title":{"rendered":"HENSCHEL QUARTET"},"content":{"rendered":"<div class=\"wpb-content-wrapper\"><p>[vc_row][vc_column width=&#8221;1\/2&#8243;]<div class=\"cz_gap clr  hide_on_tablet hide_on_mobile\" style=\"height: 47px\"><\/div><div class=\"cz_gap show_on_tablet clr \" style=\"height: 30px\"><\/div><div id=\"cz_86172\" data-position=\"top-right\" class=\"cz_86172 cz_image clr cz_image_no_fx center_on_mobile\"><div class=\"\" ><div class=\"cz_image_in\"><div class=\"cz_main_image\"><img fetchpriority=\"high\" loading=\"eager\" decoding=\"sync\" data-no-lazy=\"1\" width=\"720\" height=\"398\" src=\"https:\/\/lifestyle.hr\/wp-content\/uploads\/2018\/10\/Henschel-Quartett015_small-web-hor.jpg\" class=\"attachment-large\" alt=\"Henschel QuartettPhoto: Marco Borggreve\" srcset=\"https:\/\/lifestyle.hr\/wp-content\/uploads\/2018\/10\/Henschel-Quartett015_small-web-hor.jpg 720w, https:\/\/lifestyle.hr\/wp-content\/uploads\/2018\/10\/Henschel-Quartett015_small-web-hor-300x166.jpg 300w, https:\/\/lifestyle.hr\/wp-content\/uploads\/2018\/10\/Henschel-Quartett015_small-web-hor-600x332.jpg 600w\" sizes=\"(max-width: 720px) 100vw, 720px\"  \/><\/div><\/div><\/div><\/div>[\/vc_column][vc_column width=&#8221;1\/2&#8243;]<div class=\"cz_gap clr  hide_on_tablet hide_on_mobile\" style=\"height: 30px\"><\/div><div class=\"cz_gap show_on_tablet clr \" style=\"height: 30px\"><\/div><div id=\"cz_94442\" class=\"cz_94442 cz_title clr cz_title_ba_line cz_title_pos_inline\"><div class=\"cz_title_content\"><div class=\"cz_wpe_content\"><h2 class=\"western\" align=\"LEFT\"><span style=\"color: #444444; font-family: Arial; font-size: 20px;\"><b>HENSCHEL QUARTET<\/b><\/span><\/h2>\n<\/div><div class=\"cz_title_line cz_line_after_title\"><span>_<\/span><\/div><\/div><\/div>[vc_column_text css=&#8221;.vc_custom_1540906127838{margin-bottom: 40px !important;}&#8221;]<\/p>\n<p align=\"JUSTIFY\"><span style=\"color: #333333; font-family: Arial; font-size: 16px;\">Ugledni Henschel kvartet sa sjedi\u0161tem u M\u00fcnchenu osnovan je 1994, te \u00a02019. godine obilje\u017eava srebrnu, dvadesetpetu obljetnicu djelovanja. Njegovi su \u010dlanovi violinisti, Christoph Henschel i Gregory Maytan, zatim Monika Henschel, viola i Matthias Beyer-Karlshoj, violon\u010delo. Svojim prvim nastupom u Hrvatskoj, na 66. Dubrova\u010dkim ljetnim igrama osvojili su nagradu Orlando HRT-a za 2015. godinu, uz doista dojmljivo obrazloz\u030cenje glazbenog z\u030cirija Nagrade. O njihovim izvedbama portal Seen &amp; Heard International pi\u0161e: \u201cUkoliko ikad budete imali prigodu poslu\u0161ati recital Henschel Quarteta, iskoristite je svakako. Sviranje guda\u010dkog kvarteta rijetko mo\u017ee biti bolje od njihovoga\u201d dok je Musicweb-International.com napisao: \u201c\u2026svirali su s vrhunskim povjerenjem svira\u010da koji nju\u0161e svaku notu&#8230;\u201d. The New York Times opisao je njihov nastup 2010. kao \u201c\u2026ne\u0161to prelijepo\u2026toplo nijansiranje odsvirano s neodoljivom energijom i dobrim raspolo\u017eenjem\u201d. O snimci njihove svjetske praizvedbe Bruchovog Guda\u010dkog kvarteta u E duru sa solistom na violi Kazuki Sawom, nagra\u0111enoj od International Musicweb-a kao CD godine za 2009., portal je napisao: \u201c\u2026jo\u0161 jedan izvanredan uspjeh koji bi trebao odmah biti rasprodan\u2026\u201d te \u201c\u2026Henschel Kvartet\u2026vrhunska izvedba, puna energije, misterija i ljepote.\u201d O izvedbama u Carnegie Hall-u tijekom tijekom 2013. godine, skladatelj John Corigliano je u osvrtu na koncert napisao: \u201cVeli\u010danstveni Henschel kvartet svira kao da su jedna osoba. Oni su strastveni, to\u010dni i glazbeno sofisticirani. Bio sam zapanjen kvalitetom njihovih nastupa.\u201d<\/span><\/p>\n<p>[\/vc_column_text][\/vc_column][\/vc_row][vc_row][vc_column][vc_column_text]<\/p>\n<p align=\"JUSTIFY\"><span style=\"font-family: Arial; color: #666666;\"><strong><span style=\"font-size: small;\">Ugledni Henschel kvartet sa sjedi\u0161tem u \u00a0M\u00fcnchenu osnovan je 1994, te \u00a02019. godine obilje\u017eava srebrnu, dvadesetipetu \u00a0obljetnicu djelovanja.\u00a0<\/span><\/strong><\/span><\/p>\n<p align=\"JUSTIFY\"><span style=\"font-family: Arial; color: #666666;\"><span style=\"font-size: small;\">Ve\u0107 svojim prvim nastupom u Hrvatskoj, na \u00a0<\/span><em><span style=\"font-size: small;\">66. Dubrova\u010dkim ljetnim<\/span><\/em><span style=\"font-size: small;\">\u00a0<\/span><em><span style=\"font-size: small;\">igrama<\/span><\/em><span style=\"font-size: small;\">, ugledni\u00a0<\/span><strong><span style=\"font-size: small;\">Henschelkvartet<\/span><\/strong><span style=\"font-size: small;\">\u00a0sa sjedi\u0161tem u M\u00fcnchenu, koji je 2014. godine proslavio dvadesetu obljetnicu djelovanja, osvojio je nagradu\u00a0<\/span><em><span style=\"font-size: small;\">Orlando<\/span><\/em><span style=\"font-size: small;\">\u00a0HRT-a za 2015. godinu, uz dojmljivo obrazlo\u017eenje ocjenjiva\u010dkoga suda za glazbeni dio programa:\u00a0<\/span><em><span style=\"font-size: small;\">Oni su na tragu naslova jedne od njihovih europskih praizvedbi, a s pomoc\u0301u vlastita vrhunskog zalaganja iskazali sve moguc\u0301e \u201evizije i c\u030cuda\u201c \u0161to ih svojim slu\u0161ateljima mo\u017ee ponuditi glazba. Bili su c\u030cas lirski sjetni, c\u030cas \u0161armantno duhoviti, c\u030cas dramatski uznemireni. To je u svakom sluc\u030caju bio jedan od najvi\u0161ih umjetnic\u030ckih dosega u sveukupnoj glazbenic\u030ckoj povijesti Dubrovac\u030ckih ljetnih igara.<\/span><\/em><\/span><\/p>\n<p align=\"JUSTIFY\"><span style=\"font-family: Arial; color: #666666;\"><strong>\u00a0 \u00a0 \u00a0 \u00a0 \u00a0 \u00a0 \u00a0<\/strong><span style=\"font-size: small;\">Godine 1994., kada se violon\u010delist\u00a0<\/span><strong><span style=\"font-size: small;\">Mathias Beyer-Karlsh\u00f8j<\/span><\/strong><span style=\"font-size: small;\">\u00a0pridru\u017eio \u010dlanovima osniva\u010dima\u00a0<\/span><strong><span style=\"font-size: small;\">Christophu, Markusu i Moniki Henschel<\/span><\/strong><span style=\"font-size: small;\">, zapo\u010dela je me\u0111unarodna karijera Henschel kvarteta.\u00a0Ve\u0107 godinu dana kasnije Kvartet je osvojio brojne nagrade na me\u0111unarodnim natjecanjima u Evianu, Banffu i Salzburgu, a sljede\u0107e godine osvojio je prvu nagradu i zlatnu medalju na Me\u0111unarodnom natjecanju komorne glazbe u Osaki.\u00a0 Uspje\u0161ni debiji u svjetskim glazbenim prijestolnicama, uklju\u010duju\u0107i hvaljeni BBC-jev prijenos u\u017eivo, kada su nastupili kao zamjena za Kvartet Juilliard, odveli su ih\u00a0u sam vrh me\u0111unarodne komorne glazbe. O tome svjedo\u010de i brojni pozitivni komentari, poput ovoga objavljenog u\u00a0<\/span><em><span style=\"font-size: small;\">Los Angeles Timesu<\/span><\/em><span style=\"font-size: small;\">:\u00a0<\/span><em><span style=\"font-size: small;\">Ovo je, bez sumnje, jedan od najboljih sastava na svijetu, sjajan guda\u010dki kvartet.<\/span><\/em><\/span><\/p>\n<p align=\"JUSTIFY\"><span style=\"font-family: Arial; color: #666666;\">\u00a0 \u00a0 \u00a0 \u00a0 \u00a0 \u00a0 \u00a0<\/span><span style=\"font-family: Arial; color: #666666;\"><span style=\"font-size: small;\">Glazbeno putovanje Kvarteta obilje\u017eeno je brojnim iznimnim doga\u0111ajima. Tako je nastupio na slu\u017ebenoj sve\u010danosti otvaranja Biblioteke\u00a0<\/span><em><span style=\"font-size: small;\">Anna-Amalia<\/span><\/em><span style=\"font-size: small;\">\u00a0u Weimaru (na popisu UNESCO-ve svjetske kulturne ba\u0161tine), obnovljene nakon katastrofalnog po\u017eara 2004. godine te putovao u Bruxelles kao ambasador kulture Savezne Republike Njema\u010dke.\u00a0 U o\u017eujku 2010. Kvartet je imao \u010dast nastupiti u Vatikanu, u nazo\u010dnosti Pape Benedikta XVI.\u00a0 Redoviti gosti u kraljevskoj pala\u010di u Madridu, \u010dlanovi Kvarteta svirali su na \u010detiri Stradivarijeva glazbala iz kraljevske zbirke.\u00a0U lipnju 2012. Henschel<\/span><em><span style=\"font-size: small;\">\u00a0<\/span><\/em><span style=\"font-size: small;\">kvartet pozvan je da, kao prvi europski guda\u010dki kvartet u posljednjih dvadeset godina, izvede sve Beethovenove guda\u010dke kvartete u presti\u017enoj koncertnoj dvorani\u00a0<\/span><em><span style=\"font-size: small;\">Suntory<\/span><\/em><span style=\"font-size: small;\">\u00a0u Tokiju.\u00a0Iste je godine violistica Monika Henschel postala predsjednicom novoosnovane Udruge guda\u010dkih kvarteta Njema\u010dke, a 2013. godine Christoph Henschel imenovan je po\u010dasnim profesorom na Sveu\u010dili\u0161tu u Augsburgu. Me\u0111u najva\u017enije doga\u0111aje u pro\u0161loj i teku\u0107oj sezoni ubrajaju se\u00a0 nastupi u Londonu, Amsterdamu, New Yorku (<\/span><em><span style=\"font-size: small;\">Carnegie Hall<\/span><\/em><span style=\"font-size: small;\">), Washingtonu DC (Nacionalna galerija), Yokohami i Tokiju (Sveu\u010dili\u0161te Geidai). Snimke Kvarteta nagra\u0111ene su brojnim nagradama, uklju\u010duju\u0107i\u00a0 nagradu njema\u010dke kritike (<\/span><em><span style=\"font-size: small;\">Preis der Deutschen Schallplattenkritik<\/span><\/em><span style=\"font-size: small;\">) te s nekoliko nagrada za nosa\u010d zvuka godine (IMW). Njihove nosa\u010de zvuka preporu\u010duju ugledne tiskovine, kao \u0161to su<\/span><em><span style=\"font-size: small;\">\u00a0Gramophone Magazine, The Sunday Times\u00a0<\/span><\/em><span style=\"font-size: small;\">i<\/span><em><span style=\"font-size: small;\">\u00a0S\u00fcddeutsche Zeitung.<\/span><\/em><\/span><\/p>\n<p align=\"JUSTIFY\"><span style=\"font-family: Arial; color: #666666;\">\u00a0 \u00a0 \u00a0 \u00a0 \u00a0 \u00a0 \u00a0<span style=\"font-size: small;\">U pripremi je nosa\u010d zvuka s djelima suvremenog ameri\u010dkog skladatelja Christophera Theofanidisa. Ansambl redovito prihva\u0107a pozive za odr\u017eavanje\u00a0 predavanja i seminara na uglednim svjetskim institucijama, od Sveu\u010dili\u0161ta Yale u SAD-u do Royal Northern College of Music u Engleskoj i Sveu\u010dili\u0161ta u Melbourneu.\u00a0Kvartet kontinuirano sura\u0111uje s Ministarstvom kulture Bavarske na glazbenim projektima za mlade u M\u00fcnchenu. Ve\u0107 deset godina Kvartet<\/span><strong><span style=\"font-size: small;\">\u00a0<\/span><\/strong><span style=\"font-size: small;\">daje svoj<\/span><strong><span style=\"font-size: small;\">\u00a0<\/span><\/strong><span style=\"font-size: small;\">doprinos kao<\/span><strong><span style=\"font-size: small;\">\u00a0<\/span><\/strong><span style=\"font-size: small;\">ambasador me\u0111unarodne organizacije\u00a0<\/span><em><span style=\"font-size: small;\">SOS Dje\u010dje selo<\/span><\/em><span style=\"font-size: small;\">.<\/span><\/span><span style=\"color: #666666; font-family: Arial;\">\u00a0 \u00a0 \u00a0 \u00a0 \u00a0 \u00a0 \u00a0 \u00a0 \u00a0 \u00a0 \u00a0 \u00a0 \u00a0 \u00a0 \u00a0 \u00a0 \u00a0 \u00a0 \u00a0 \u00a0 \u00a0 \u00a0 \u00a0 \u00a0 \u00a0 \u00a0 \u00a0 \u00a0 \u00a0 \u00a0 \u00a0\u00a0<\/span><\/p>\n<p align=\"JUSTIFY\"><span style=\"font-family: Arial; color: #666666;\"><span style=\"font-size: small;\">O njihovim izvedbama ugledni portal\u00a0<\/span><strong><span style=\"font-size: small;\">Seen &amp; Heard International<\/span><\/strong><span style=\"font-size: small;\">\u00a0pi\u0161e: \u201c<\/span><em><span style=\"font-size: small;\">Ukoliko ikad budete imali prigodu poslu\u0161ati recital Henschel Quarteta, iskoristite je svakako<\/span><\/em><span style=\"font-size: small;\">.\u00a0<\/span><em><span style=\"font-size: small;\">\u00a0Sviranje guda\u010dkog kvarteta rijetko mo\u017ee biti bolje od njihovoga\u201d\u00a0<\/span><\/em><span style=\"font-size: small;\">dok je\u00a0<\/span><strong><span style=\"font-size: small;\">Musicweb-International.com<\/span><\/strong><span style=\"font-size: small;\">\u00a0\u00a0napisao,\u00a0<\/span><em><span style=\"font-size: small;\">\u201c<\/span><\/em><strong><span style=\"font-size: small;\">\u2026<\/span><\/strong><em><span style=\"font-size: small;\">svirali su s vrhunskim povjerenjem svira\u010da koji nju\u0161e svaku notu..\u201d.,<\/span><\/em><span style=\"font-size: small;\">\u00a0<\/span><strong><span style=\"font-size: small;\">The New York Times<\/span><\/strong><span style=\"font-size: small;\">\u00a0opisao je njihov nastup 2010. kao \u201c<\/span><em><span style=\"font-size: small;\">\u2026ne\u0161to prelijepo\u2026toplo nijansiranje odsvirano s neodoljivom energijom i dobrim raspolo\u017eenjem\u201d.<\/span><\/em><span style=\"font-size: small;\">\u00a0 O snimci njihove svjetske praizvedbe Bruchovog\u00a0<\/span><em><span style=\"font-size: small;\">Guda\u010dkog kvarteta u E duru<\/span><\/em><span style=\"font-size: small;\">\u00a0uz violista Kazuki Sawa, nagra\u0111enoj od\u00a0<\/span><strong><span style=\"font-size: small;\">International Musicweb<\/span><\/strong><em><span style=\"font-size: small;\">-a\u00a0<\/span><\/em><span style=\"font-size: small;\">kao CD godine<\/span><em><span style=\"font-size: small;\">\u00a0<\/span><\/em><span style=\"font-size: small;\">za 2009., portal je napisao:\u00a0<\/span><em><span style=\"font-size: small;\">\u201c\u2026jo\u0161 jedan izvanredan uspjeh koji bi trebao odmah biti rasprodan\u2026\u201d<\/span><\/em><span style=\"font-size: small;\">\u00a0i\u00a0<\/span><em><span style=\"font-size: small;\">\u201c\u2026Henschel Kvartet\u2026vrhunska izvedba, puna energije, misterija i ljepote.\u201d<\/span><\/em><strong><span style=\"font-size: small;\">\u00a0<\/span><\/strong><em><span style=\"font-size: small;\">\u00a0<\/span><\/em><span style=\"font-size: small;\">O izvedbama u\u00a0<\/span><strong><span style=\"font-size: small;\">Carnegie hall<\/span><\/strong><span style=\"font-size: small;\">-u tijekom<\/span><span style=\"font-size: small;\"><u>\u00a0<\/u><\/span><span style=\"font-size: small;\">2013. godine, skladatelj\u00a0<\/span><strong><span style=\"font-size: small;\">John Corigliano<\/span><\/strong><span style=\"font-size: small;\">\u00a0je u osvrtu na koncert napisao:<\/span><em><span style=\"font-size: small;\">\u00a0\u201cVeli\u010danstveni Henschel kvartet svira kao da su jedna osoba. Oni su strastveni, to\u010dni i glazbeno sofisticirani. Bio sam zapanjen kvalitetom njihovih nastupa.\u201d<\/span><\/em><\/span><\/p>\n<p align=\"JUSTIFY\"><span style=\"font-family: Arial; color: #666666;\"><span style=\"font-size: small;\">Godine 2013. ansambl je nastupio u Velikoj Britaniji na\u00a0<\/span><strong><span style=\"font-size: small;\">Lake District Summer Music Festivalu<\/span><\/strong><span style=\"font-size: small;\">\u00a0koji je uklju\u010dio i europsku praizvedbu djela Christophera Theofanidesa\u00a0<\/span><em><span style=\"font-size: small;\">Vizije i \u010duda za guda\u010dki kvartet<\/span><\/em><span style=\"font-size: small;\">, o kojoj je portal\u00a0<\/span><strong><span style=\"font-size: small;\">Seen &amp; Heard International<\/span><\/strong><span style=\"font-size: small;\">\u00a0napisao:\u00a0<\/span><em><span style=\"font-size: small;\">\u201cTijekom ovog fantasti\u010dnog\u00a0 recitala upadljiva je bila savr\u0161ena (nedirnuta) intonacija Henschel kvarteta udru\u017eena sa \u010dvrstim i nepopustljivim jedinstvom glazbenika tijekom \u0161irokih (bezbrojnih) kontrasta i tegobno virtuoznih zahtjeva djela. Rijetkost je nai\u0107i na kvalitetu izvedbe poput ove, pa ako u budu\u0107nosti budete imali priliku \u010duti recital Henschel kvartet, iskoristite je odmah.\u201d<\/span><\/em><\/span><\/p>\n<p align=\"JUSTIFY\"><span style=\"font-family: Arial; color: #666666;\"><span style=\"font-size: small;\">Tijekom 2014.\u00a0<\/span><strong><span style=\"font-size: small;\">Henschel Kvartet<\/span><\/strong><span style=\"font-size: small;\">\u00a0koncertirao u Kaliforniji, odr\u017eao turneje po\u00a0Japanu i Danskoj te je nastupio u Londonu u kultnom\u00a0<\/span><strong><span style=\"font-size: small;\">St John\u2019s Smith Square-u\u00a0<\/span><\/strong><span style=\"font-size: small;\">\u00a0<\/span><\/span><\/p>\n<p align=\"JUSTIFY\"><span style=\"font-family: Arial; color: #666666;\"><span style=\"font-size: small;\">U 2014.-oj godini kvartet je obilje\u017eio i svoju 20-tu obljetnicu\u00a0 te je izveo i memorijalni koncert\u00a0za skladatelja \u00a0Hansa Wernera Henzea,\u00a0preminulog 2012. godine, izvode\u0107i njegov Prvi guda\u010dki kvartet kao dio programa Minhenskoga bijenala.<\/span><strong><span style=\"font-size: small;\">\u00a0<\/span><\/strong><\/span><\/p>\n<p align=\"JUSTIFY\"><span style=\"font-family: Arial; color: #666666;\"><strong><span style=\"font-size: small;\">Poveznica na filmski portret o HENSCHEL KVARTETU snimljen prilikom njihove petnaeste obljetnice djelovanja:\u00a0<\/span><\/strong><\/span><\/p>\n<p align=\"JUSTIFY\"><span style=\"color: #3366ff;\"><a style=\"color: #3366ff;\" href=\"http:\/\/www.nmz.de\/media\/video\/henschel-quartet-a-portrait\" target=\"_blank\" rel=\"noopener noreferrer\"><span style=\"font-family: Arial;\"><span style=\"font-size: small;\"><u>http:\/\/www.nmz.de\/media\/video\/henschel-quartet-a-portrait<\/u><\/span><\/span><\/a><\/span><\/p>\n<p align=\"JUSTIFY\"><span style=\"color: #3366ff;\"><a style=\"color: #3366ff;\" href=\"http:\/\/www.hrt.hr\/322946\/organizacija\/kvartetu-henschel-urucena-hrt-ova-nagrada-orlando\" target=\"_blank\" rel=\"noopener noreferrer\"><span style=\"font-family: Arial;\"><span style=\"font-size: small;\">http:\/\/www.hrt.hr\/322946\/organizacija\/kvartetu-henschel-urucena-hrt-ova-nagrada-orlando<\/span><\/span><\/a><\/span><\/p>\n<p>[\/vc_column_text][\/vc_column][\/vc_row][vc_row][vc_column width=&#8221;1\/3&#8243;]<div id=\"cz_73178\" class=\"cz_73178 cz_title clr cz_title_ba_line cz_title_pos_inline\"><div class=\"cz_title_content\"><div class=\"cz_wpe_content\"><\/div><div class=\"cz_title_line cz_line_after_title\"><span>_<\/span><\/div><\/div><\/div>\n<p>[\/vc_column_text][\/vc_column][\/vc_row][vc_row][vc_column width=&#8221;1\/3&#8243;][vc_column_text]<iframe loading=\"lazy\" src=\"https:\/\/www.youtube.com\/embed\/qNAHQvlbtAg\" width=\"560\" height=\"315\" frameborder=\"0\" allowfullscreen=\"allowfullscreen\"><\/iframe>[\/vc_column_text][vc_column_text]<iframe loading=\"lazy\" src=\"https:\/\/www.youtube.com\/embed\/bzy4_AnCKog\" width=\"560\" height=\"315\" frameborder=\"0\" allowfullscreen=\"allowfullscreen\"><\/iframe>[\/vc_column_text][\/vc_column][vc_column width=&#8221;1\/3&#8243;][vc_column_text]<iframe loading=\"lazy\" src=\"https:\/\/www.youtube.com\/embed\/Y-xUWtIGkT8\" width=\"560\" height=\"315\" frameborder=\"0\" allowfullscreen=\"allowfullscreen\"><\/iframe>[\/vc_column_text][vc_column_text]<iframe loading=\"lazy\" src=\"https:\/\/www.youtube.com\/embed\/CLK4U9EOjuc\" width=\"560\" height=\"315\" frameborder=\"0\" allowfullscreen=\"allowfullscreen\"><\/iframe>[\/vc_column_text][\/vc_column][vc_column width=&#8221;1\/3&#8243;][vc_column_text]<iframe loading=\"lazy\" src=\"https:\/\/www.youtube.com\/embed\/1kwcEhjB8X8\" width=\"560\" height=\"315\" frameborder=\"0\" allowfullscreen=\"allowfullscreen\"><\/iframe>[\/vc_column_text][\/vc_column][\/vc_row]<\/p>\n<\/div>","protected":false},"excerpt":{"rendered":"<p>Ugledni Henschel kvartet sa sjedi\u0161tem u M\u00fcnchenu osnovan je 1994, te &#8230; <\/p>\n","protected":false},"author":1,"featured_media":991,"parent":0,"menu_order":0,"comment_status":"closed","ping_status":"closed","template":"","meta":{"footnotes":""},"class_list":["post-841","page","type-page","status-publish","has-post-thumbnail","hentry"],"_links":{"self":[{"href":"https:\/\/lifestyle.hr\/index.php?rest_route=\/wp\/v2\/pages\/841","targetHints":{"allow":["GET"]}}],"collection":[{"href":"https:\/\/lifestyle.hr\/index.php?rest_route=\/wp\/v2\/pages"}],"about":[{"href":"https:\/\/lifestyle.hr\/index.php?rest_route=\/wp\/v2\/types\/page"}],"author":[{"embeddable":true,"href":"https:\/\/lifestyle.hr\/index.php?rest_route=\/wp\/v2\/users\/1"}],"replies":[{"embeddable":true,"href":"https:\/\/lifestyle.hr\/index.php?rest_route=%2Fwp%2Fv2%2Fcomments&post=841"}],"version-history":[{"count":0,"href":"https:\/\/lifestyle.hr\/index.php?rest_route=\/wp\/v2\/pages\/841\/revisions"}],"wp:featuredmedia":[{"embeddable":true,"href":"https:\/\/lifestyle.hr\/index.php?rest_route=\/wp\/v2\/media\/991"}],"wp:attachment":[{"href":"https:\/\/lifestyle.hr\/index.php?rest_route=%2Fwp%2Fv2%2Fmedia&parent=841"}],"curies":[{"name":"wp","href":"https:\/\/api.w.org\/{rel}","templated":true}]}}