{"id":869,"date":"2018-10-30T16:06:06","date_gmt":"2018-10-30T16:06:06","guid":{"rendered":"https:\/\/lifestyle.hr\/?page_id=869"},"modified":"2018-10-31T10:35:55","modified_gmt":"2018-10-31T10:35:55","slug":"nino-rota-ensemble","status":"publish","type":"page","link":"https:\/\/lifestyle.hr\/?page_id=869","title":{"rendered":"Nino Rota Ensemble"},"content":{"rendered":"<div class=\"wpb-content-wrapper\"><p>[vc_row][vc_column width=&#8221;1\/2&#8243;]<div class=\"cz_gap clr  hide_on_tablet hide_on_mobile\" style=\"height: 47px\"><\/div><div class=\"cz_gap show_on_tablet clr \" style=\"height: 30px\"><\/div><div id=\"cz_59511\" data-position=\"top-right\" class=\"cz_59511 cz_image clr cz_image_no_fx center_on_mobile\"><div class=\"\" ><div class=\"cz_image_in\"><div class=\"cz_main_image\"><img fetchpriority=\"high\" loading=\"eager\" decoding=\"sync\" data-no-lazy=\"1\" width=\"720\" height=\"480\" src=\"https:\/\/lifestyle.hr\/wp-content\/uploads\/2018\/10\/NR4_web.jpg\" class=\"attachment-large\" alt=\"NR4 web\" title=\"NR4_web\" srcset=\"https:\/\/lifestyle.hr\/wp-content\/uploads\/2018\/10\/NR4_web.jpg 720w, https:\/\/lifestyle.hr\/wp-content\/uploads\/2018\/10\/NR4_web-300x200.jpg 300w, https:\/\/lifestyle.hr\/wp-content\/uploads\/2018\/10\/NR4_web-600x400.jpg 600w\" sizes=\"(max-width: 720px) 100vw, 720px\"  \/><\/div><\/div><\/div><\/div>[\/vc_column][vc_column width=&#8221;1\/2&#8243;]<div class=\"cz_gap clr  hide_on_tablet hide_on_mobile\" style=\"height: 30px\"><\/div><div class=\"cz_gap show_on_tablet clr \" style=\"height: 30px\"><\/div><div id=\"cz_49936\" class=\"cz_49936 cz_title clr cz_title_ba_line cz_title_pos_inline\"><div class=\"cz_title_content\"><div class=\"cz_wpe_content\"><h2 class=\"western\" align=\"LEFT\"><span style=\"color: #444444; font-family: Arial; font-size: 20px;\"><b>NINO ROTA ENSEMBLE<\/b><\/span><\/h2>\n<\/div><div class=\"cz_title_line cz_line_after_title\"><span>_<\/span><\/div><\/div><\/div>[vc_column_text css=&#8221;.vc_custom_1540915662598{margin-bottom: 40px !important;}&#8221;]<\/p>\n<p align=\"JUSTIFY\"><span style=\"color: #333333; font-family: Arial; font-size: 16px;\">Nino Rota Ensemble nastao je 1995. godine prigodom proslave stote obljetnice kinematografije. Ovaj atraktivni sekstet \u010dine vrsne talijanske glazbenice povezane dvjema zajedni\u010dkim strastima &#8211; prema glazbi i prema filmu: Rosa Sorice (sopran), Giannina Guazzaroni (violina), Federica Torbidoni (flauta), Graziana Giansante (oboa), Cecilia Amadori (violon\u010delo) i Deborah Vico (klavir i aran\u017emani). Na njihovu repertoaru nalaze se najslavnije kompozicije nekih od najve\u0107ih talijanskih i svjetskih skladatelja filmske glazbe, kao \u0161to su Nino Rota, Ennio Morricone, Stelvio Cipriani, Riz Ortolani, Nicola Piovani, George Gershwin, Leonard Bernstein, Max Steiner i drugi, u originalnim aran\u017emanima koje je pijanistica Deborah Vico priredila i prilagodila za Ansambl.<\/span><\/p>\n<p>[\/vc_column_text][\/vc_column][\/vc_row][vc_row][vc_column][vc_column_text]<\/p>\n<p align=\"JUSTIFY\"><span style=\"font-family: Arial; color: #666666;\"><strong><span style=\"font-size: small;\">Nino Rota Ensemble<\/span><\/strong><span style=\"font-size: small;\">\u00a0nastao je 1995. godine prigodom proslave\u00a0 stote obljetnice kinematografije. Ovaj atraktivni sekstet \u010dine vrsne talijanske glazbenice povezane dvjema\u00a0 zajedni\u010dkim strastima &#8211;\u00a0 glazbomi i filmom: \u00a0<\/span><strong><span style=\"font-size: small;\">Rosa Sorice\u00a0<\/span><\/strong><span style=\"font-size: small;\">(sopran),\u00a0<\/span><strong><span style=\"font-size: small;\">Giannina Guazzaroni<\/span><\/strong><span style=\"font-size: small;\">\u00a0(violina),\u00a0<\/span><strong><span style=\"font-size: small;\">Federica Torbidoni<\/span><\/strong><span style=\"font-size: small;\">\u00a0(flauta),\u00a0<\/span><strong><span style=\"font-size: small;\">Graziana Giansante<\/span><\/strong><span style=\"font-size: small;\">\u00a0(oboa),\u00a0<\/span><strong><span style=\"font-size: small;\">Cecilia Amadori<\/span><\/strong><span style=\"font-size: small;\">(violon\u010delo) i\u00a0<\/span><strong><span style=\"font-size: small;\">Deborah Vico<\/span><\/strong><span style=\"font-size: small;\">\u00a0(klavir i aran\u017emani).<\/span><\/span><\/p>\n<p align=\"JUSTIFY\"><span style=\"font-family: Arial; color: #666666;\"><span style=\"font-size: small;\">Godine 2013. bila je \u00a0dvadeseta obljetnica smrti jednoga od najve\u0107ih talijanskih suvremenih redatelja,\u00a0<\/span><strong><span style=\"font-size: small;\">Federica Fellinija<\/span><\/strong><span style=\"font-size: small;\">\u00a0<\/span><strong><span style=\"font-size: small;\">(1920.\u2013 1993.).\u00a0 Nino Rota Ensemble posvetio mu je \u00a0poseban program glazbe iz njegovih filmova.<\/span><\/strong><\/span><\/p>\n<p align=\"JUSTIFY\"><span style=\"color: #666666; font-family: Arial;\"><span style=\"font-size: small;\">Od samog osnivanja, sastav\u00a0 intenzivno koncertira afirmiraju\u0107i se svojim\u00a0umije\u0107em i originalno\u0161\u0107u\u00a0postave diljem Europe i u\u00a0brojnim vaneuropskim zemljama,\u00a0nastupaju\u0107i u najpresti\u017enijim dvoranama u \u0160vedskoj (Stockholm, Vaesteros), Portugalu (Lisabon, Coimbra), Egiptu (Kairo, Aleksandrija), Njema\u010dkoj (M\u00fcnchen), Francuskoj (Annecy, Lille i Arras), Hrvatskoj (Zagreb, Split), Gr\u010dkoj (Patras, Rodos, Solun), Turskoj (Istanbul, Ankara, Izmir), Azerbejd\u017eanu (Baku), Tajvanu (Taipei i drugih deset gradova), Brazilu (S.Paulo, Belo Horizonte, Juiz del Fora, Rio de Janeiro), Tunisu (Kartaga), Maroku (Casablanca), Cipru (Limassol, Nikozija, Pathos, Bellapais, Famagosta), Libanonu, Libiji i Siriji (Beirut, Tripoli, Damask), Luksemburgu (Luksemburg), Litvi (Riga), Indoneziji (D\u017eakarta), Nigeriji.<\/span><\/span><\/p>\n<p align=\"JUSTIFY\"><span style=\"color: #666666; font-family: Arial;\"><span style=\"font-size: small;\">Me\u0111u brojnim nastupima Ansambla u razli\u010ditim dijelovima svijeta, posebno se isti\u010du\u00a0 va\u017eni koncerti\u00a0na otvaranju me\u0111unarodnih filmskih festivala, poput festivala u Solunu, Annecyju, Villeruptu, Stockholmu, Luksemburgu.<\/span><\/span><\/p>\n<p align=\"JUSTIFY\"><span style=\"font-family: Arial; color: #666666;\"><span style=\"font-size: small;\">\u010clanice Ansambla nagra\u0111ivane su na dr\u017eavnim i me\u0111unarodnim natjecanjima, usavr\u0161avale su se i poha\u0111ale seminare kod najuglednijih\u00a0 profesora me\u0111unarodnog ugleda, te su poznate i cijenjene kao solistice u raznim komornim sastavima, a kontinuirano sura\u0111uju i s najboljim talijanskim orkestrima.<\/span><\/span><\/p>\n<p><strong><span style=\"font-size: small;\">Nino Rota Ensemble<\/span><\/strong><span style=\"font-size: small;\">\u00a0predstavlja poseban repertoar, izvode\u0107i najslavnije kompozicije nekih od najve\u0107ih talijanskih i svjetskih skladatelja filmske glazbe, kao \u0161to su\u00a0<\/span><strong><span style=\"font-size: small;\">Nino Rota, Ennio Morricone, Stelvio Cipriani, Riz Ortolani, Nicola Piovani, George Gershwin, Leonard Bernstein, Max Steiner<\/span><\/strong><span style=\"font-size: small;\">\u00a0i drugi, u originalnim aran\u017emanima koje je pijanistica\u00a0<\/span><strong><span style=\"font-size: small;\">Deborah Vico<\/span><\/strong><span style=\"font-size: small;\">\u00a0priredila i prilagodila za Ansambl.<\/span><\/p>\n<p align=\"JUSTIFY\"><span style=\"font-family: Arial; color: #666666;\"><span style=\"font-size: small;\">Prigodom obilje\u017eavanja stote obljetnice smrti\u00a0<\/span><strong><span style=\"font-size: small;\">Giuseppea Verdija<\/span><\/strong><span style=\"font-size: small;\">\u00a0godine 2001, odr\u017eale su niz koncerata u inozemstvu kao predstavnice Italije, me\u0111u kojima se isti\u010de nastup u presti\u017enom Teatru Municipal u Sao Paolu( Brazil), u suradnji s nekima od najslavnijih imena talijanske vokalne lirike, poput\u00a0<\/span><strong><span style=\"font-size: small;\">Cecilie Gasdia, Pietra Ballo, Giorgia Merighi i Fiorenze Cossotto<\/span><\/strong><span style=\"font-size: small;\">.<\/span><\/span><\/p>\n<p align=\"JUSTIFY\"><span style=\"font-family: Arial; color: #666666;\"><span style=\"font-size: small;\">Imale su \u010dast nastupiti i na velikim doga\u0111anjima vezanim uz\u00a0 film, u nazo\u010dnosti slavnih re\u017eisera i skladatelja\u00a0<\/span><strong><span style=\"font-size: small;\">(Stelvio Cipriani, Ennio Morricone, Ettore Scola, Francesco Rosi i Marco Bellocchio)<\/span><\/strong><span style=\"font-size: small;\">.<\/span><\/span><\/p>\n<p align=\"JUSTIFY\"><span style=\"color: #666666; font-family: Arial;\"><span style=\"font-size: small;\">Pored brojnih diskografskih snimki, koncerte Ansambla prenosila je RAI, Radio Vatikan, Portugalska nacionalna televizija te brojne nacionalne i me\u0111unarodne mre\u017ee. Nedavno objavljen nosa\u010d zvuka\u00a0 sa snimkama njihova repertoara do\u017eivljava\u00a0velik uspjeh \u0161irom svijeta.<\/span><\/span><\/p>\n<p align=\"JUSTIFY\"><span style=\"color: #666666; font-family: Arial;\"><span style=\"font-size: small;\">Slu\u017ebena internet stranica Ansambla:<\/span><\/span><\/p>\n<p align=\"JUSTIFY\"><span style=\"color: #3366ff; font-family: Arial;\"><a style=\"color: #3366ff;\" href=\"http:\/\/www.ninorota.it\/\"><span style=\"font-size: small;\">www.ninorota.it<\/span><\/a><\/span><\/p>\n<p>[\/vc_column_text][\/vc_column][\/vc_row][vc_row][vc_column]<div id=\"cz_35530\" class=\"cz_35530 cz_title clr cz_title_ba_line cz_title_pos_inline\"><div class=\"cz_title_content\"><div class=\"cz_wpe_content\"><h2 class=\"western\" align=\"LEFT\"><span style=\"color: #444444; font-family: Arial; font-size: 20px;\"><b>NINO ROTA ENSEMBLE &#8211; recenzija<\/b><\/span><\/h2>\n<\/div><div class=\"cz_title_line cz_line_after_title\"><span>_<\/span><\/div><\/div><\/div>[vc_column_text]<\/p>\n<p align=\"JUSTIFY\"><span style=\"font-family: Arial; color: #666666;\"><strong>\u201c<\/strong><strong><span style=\"font-size: small;\">Sonora\u201d Nagrada za najbolji CD i Soundtrack za\u00a0 2007. dodijeljen Nino Rota ansamblu<\/span><\/strong><span style=\"font-size: small;\"><br \/>\n<\/span><strong><span style=\"font-size: small;\">Corriere della Sera<\/span><\/strong><\/span><\/p>\n<p align=\"JUSTIFY\"><span style=\"color: #666666; font-family: Arial;\"><span style=\"font-size: small;\">\u017diri glazbene nagrade\u00a0 za film \u201cPremio Sonora glazba za film\u201d jednoglasno je odlu\u010dio\u00a0 da nagradu za\u00a0 2007. godinu dodijeli Ansamblu Nino Rota, sastavu kojeg \u010dini \u0161est poznatih glazbenica, zahvaljuju\u0107i njihovoj uvjerljivoj i pohvalnoj izvedbi, aran\u017emanima, te produkciji CD-a nazvanog \u201cGiulietta\u201d kao najboljem izdanju u 2007. godini. Povijest Fellinjeve filmske produkcije i sje\u0107anje na veliku Giulettu Masina o\u017eivjeli su kroz note \u201cAnsambla Nino Rota\u201d i njihovu interpretaciju filmske glazbe iz filmova kultnoga redatelja. Izvode\u0107i velike melodije Nina Rote uspijevale su evocirati u ma\u0161ti slu\u0161atelja emocije povezane s najboljom tradicijom talijanske kinematografije.<\/span><\/span><\/p>\n<p align=\"JUSTIFY\"><span style=\"font-family: Arial; color: #666666;\"><strong><span style=\"font-size: small;\">La Repubblica<\/span><\/strong><span style=\"font-size: small;\"><br \/>\n\u0160est glazbenica pod zvijezdama fascinirale su publiku snagom svoje\u00a0 isklju\u010divo akusti\u010dne glazbe. Uspjeh njihove formule je zanos, izazov izvo\u0111enja glazbe pisane za velike orkestre, a u Rimu\u00a0 je to zaista veliki uspjeh ! Njihova dugim aplauzima nagra\u0111ena izvedba otvoria je ljetnu sezonu u prijestolnici.<\/span><\/span><\/p>\n<p align=\"JUSTIFY\"><span style=\"font-family: Arial; color: #666666;\"><strong><span style=\"font-size: small;\">Il Mattino, Napulj<\/span><\/strong><span style=\"font-size: small;\"><br \/>\nSastav \u201eNino Rota Ensemble\u201c treba biti nagra\u0111en za veliku zaslugu: radi se o sposobnosti da privu\u010de \u010dak i onaj dio publike nenavikao na akusti\u010dan zvuk glazbe tipi\u010dan za koncerte klasi\u010dne glazbe. Zasluga je to pijanistice Deborah Vico koja je pa\u017eljivo i bri\u017eno odabrala i slo\u017eila njihov repertoar i aran\u017emane. Rezultat je vrlo ugodna i rafinirana\u00a0 glazbena produkcija u sjajnoj izvedbi glazbenica iz pokrajine Marche.<\/span><\/span><\/p>\n<p align=\"JUSTIFY\"><span style=\"font-family: Arial; color: #666666;\"><strong><span style=\"font-size: small;\">Il Giornale di Sicilia, Palermo<\/span><\/strong><span style=\"font-size: small;\"><br \/>\nIzuzetan koncert u \u010dast prisje\u0107anja na glazbene teme poznatih filmova odr\u017ean je ju\u010der u Teatru Piccinni u\u00a0 Bariju. Beskona\u010dan niz aplauza za sjajno pripremljeni ansambl koji je uspio o\u017eivjeti gotovo nadrealnu atmoseru\u00a0 slavnih filmova poput Bilo jednom u Americi (Once Upon a Time in America), Ljubavna pri\u010da (Love Story), Amarcord\u00a0 i mnogih drugih.<\/span><\/span><\/p>\n<p align=\"JUSTIFY\"><span style=\"font-family: Arial; color: #666666;\"><strong><span style=\"font-size: small;\">Il Resto del Carlino, Bologna<\/span><\/strong><span style=\"font-size: small;\"><br \/>\nO\u010daravaju\u0107i vocal Tiziane Santarelli, odlu\u010dna no istovremeno nje\u017ena i delikatna boja zvuka violine Giannine Guazzaroni, sjajna tehnika I fluidnost flaute Federice Torbidoni i oboe Graziane Giansante, pa\u017eljiva i precizna\u00a0 and precise pratnja violon\u010dela Cecilie Amadori i savr\u0161eno vodstvo pijanistice\u00a0 Deborah Vico (koja je i napisala aran\u017emane) pridobila je \u2013 razoru\u017eala je brojnu publiku u koncertnoj dvorani.<\/span><\/span><\/p>\n<p align=\"JUSTIFY\"><span style=\"font-family: Arial; color: #666666;\"><span style=\"font-size: small;\"><br \/>\n<\/span><strong><span style=\"font-size: small;\">Il Resto del Carlino, Pesaro<\/span><\/strong><span style=\"font-size: small;\"><br \/>\nSamo je \u0161est glazbenica u ansamblu, ali zvu\u010de kao kompletan orkestar. Njihova glazba leti i potpuno ispunjava\u00a0 \u010ditav prostor prekrasnog i prepunog teatra. Atmosfera je magi\u010dna. Pozornost svake osobe privu\u010dena je ovom \u0161estorkom sjajnih glazbenica a melodije\u00a0 struje gotovo bo\u017eanski; tehnika glazbenica je besprijekorna a pljesku nema kraja..<\/span><\/span><\/p>\n<p align=\"JUSTIFY\"><span style=\"font-family: Arial; color: #666666;\"><strong><span style=\"font-size: small;\">La Nuova Ferrara, Ferrara<\/span><\/strong><span style=\"font-size: small;\"><br \/>\nIzvedba Ansambla Nino Rota koji je posvetio \u010ditav concert Federicu Felliniju i izvanrednoj glazbi Nina Rote primljena je sino\u0107 izuzetno dobro. Publika je pokazala da veoma cijeni preciznu i vrlo\u00a0 dojmljivu izvedbu ovih odli\u010dnih glazbenica. Glasovi i instrumenti bili su u savr\u0161enoj formalnoj i\u00a0 stilskoj ravnote\u017ei zahvaljuju\u0107i prekrasnim aran\u017emanima koje je priredila pijanistica Deborah Vico.\u00a0<\/span><\/span><\/p>\n<p align=\"JUSTIFY\"><span style=\"font-family: Arial; color: #666666;\"><strong><span style=\"font-size: small;\">Augsburger Allgemeiner<\/span><\/strong><span style=\"font-size: small;\"><br \/>\n<\/span><strong><span style=\"font-size: small;\">&#8221; Filmske \u0161pice iz snova &#8221;\u00a0\u00a0\u00a0\u00a0<\/span><\/strong><\/span><\/p>\n<p><strong><span style=\"font-size: small;\">Dvorana &#8220;Parktheater&#8221;: Nino Rota Ensemble op\u010dinio publiku<\/span><\/strong><\/p>\n<p align=\"JUSTIFY\"><span style=\"color: #666666; font-family: Arial;\"><span style=\"font-size: small;\">Kakvu magi\u010dnu i \u0161armantnu atmosferu mo\u017ee stvoriti izuzetna izvedba klasika filmske glazbe, na izvanredan je na\u010din pokazao Nino Rota Ensamble iz Ancone tijekom odli\u010dno pripremljenog koncerta u dvorani Parktheater, Kurhaus.<br \/>\n\u010cak i bez potpore filmskih prizora\u00a0 \u0161est mladih dama glazbenica ponudilo je fascinantan i nezaboravan koncertni do\u017eivljaj na njihovom posljednjem nastupu u sklopu koncretne turneje\u00a0 &#8220;Viva l&#8217; Italia&#8221;.<br \/>\nAnsambl osnovan 1995. godine zaronio je s impresivnom bravurom u prebogat svijet filmske glazbe. Neki od vrhunaca njihova zanimljivog repertoara bile su neke komppzicije velikog Ennia Morriconea, pa su uz njegova najpoznatija djela poput &#8220;Once upon a time in America&#8221;, &#8220;Cinema Paradiso&#8221;\u00a0 izvele i neka od njegovih manje poznatih djela poput divne ljubavne teme\u00a0 &#8220;Metti una sera&#8230;&#8230;&#8221;<br \/>\nUmjetni\u010dka voditeljica ovog \u0161armantnog seksteta karizmati\u010dna je pijanistica Deborah Vico, a svestrana umjetnica neiscrpne energijeuklju\u010den au mnoge zanimljive projekte, tk\u0111. protagonistica pop grupe &#8220;Quintessenza&#8221;.<br \/>\nZajedno s jednako sjajnim kolegicama Federicom Torbidoni, Gianninom Guazzaroni, Tizianom Santarelli, Grazianom Giansante e Ceciliom Amadori, u potpunosti je odu\u0161evila publiku.<br \/>\nOva\u00a0 dojmljiva mala formacija uspjela je s jednakom atmosferom i grandiozno\u0161\u0107u izvesti kompozicije Ennia Morriconea namijenjena velikim orkestrima : &#8220;Mission&#8221;, zatim teme &#8220;La strada&#8221; i &#8220;Otto e mezzo&#8221; Nina Rote, &#8220;Life is beautiful&#8221; Nicole Piovanija te\u00a0 &#8220;Piano lessons&#8221; Michaela Nymana.<br \/>\n\u017denski ansambl s mnogo stila i bogatim zvukom<br \/>\nU prepunoj dvorani besprijekorne akustike Kurhaustheatra, \u010dinilo se da je elegantan i \u017eenstven ansambl dodatno izgledom i zvukom nadahnut tom atmosferom, dobronamjerno su prihva\u0107eni i najpopularniji engleski filmski mjuzikli\u00a0 poput &#8220;Cats&#8221; ili holivudski \u201eTitanic\u201c Celine Dion.<\/span><\/span><\/p>\n<p align=\"JUSTIFY\"><span style=\"font-family: Arial; color: #666666;\"><span style=\"font-size: small;\"><br \/>\n<\/span><strong><span style=\"font-size: small;\">Toelzer Kurier, M\u00fcnchen, Njema\u010dka<\/span><\/strong><\/span><\/p>\n<p><strong><span style=\"font-size: small;\">Klasici filmske glazbe<\/span><\/strong><span style=\"font-size: small;\"><br \/>\n<\/span><strong><span style=\"font-size: small;\">Nino Rota: Slavlje za u\u0161i<\/span><\/strong><\/p>\n<p align=\"JUSTIFY\"><span style=\"color: #666666; font-family: Arial;\"><span style=\"font-size: small;\">Talijanski sastav \u201eEnsemble Nino Rota&#8221; predstavlja ne samo prvoklasnu klasi\u010dnu glazbu, ve\u0107 za njene razma\u017eene fanove zna\u010di iznad svega jedinstvenu interpretaciju klasi\u010dnih i slavnih filmskih tema.<br \/>\nMe\u0111u vrhuncima ve\u010deri publika je posebno nagradila &#8220;Summertime&#8221; Georgea Gershwina, te nezaboravnu temu\u00a0 &#8220;Memory&#8221; iz engleske produkcije\u00a0 &#8220;Cats&#8221; Andrewa Lloyda Webbera.<br \/>\nPosjetitelji su\u00a0bili omamljeni\u00a0 i potpuno poneseni izvanrednom izvedbom Ansambla. Stoje\u0107im ovacijama na kraju koncerta pokazali su glazbenicama svoje divljenje bolje no \u0161to se to mo\u017ee rije\u010dima.<\/span><\/span><\/p>\n<p>[\/vc_column_text][\/vc_column][\/vc_row][vc_row][vc_column width=&#8221;1\/3&#8243;]<div id=\"cz_57573\" class=\"cz_57573 cz_title clr cz_title_ba_line cz_title_pos_inline\"><div class=\"cz_title_content\"><div class=\"cz_wpe_content\"><h2 class=\"western\" align=\"LEFT\"><span style=\"color: #444444; font-family: Arial; font-size: 20px;\"><b>NINO ROTA ENSAMBLE &#8211; repertoar<\/b><\/span><\/h2>\n<\/div><div class=\"cz_title_line cz_line_after_title\"><span>_<\/span><\/div><\/div><\/div>[vc_column_text]<\/p>\n<p align=\"JUSTIFY\"><span style=\"color: #666666; font-family: Arial;\"><span style=\"font-size: small;\">FILM I GLAZBA<\/span><\/span><\/p>\n<p align=\"JUSTIFY\"><span style=\"color: #666666; font-family: Arial;\"><span style=\"font-size: small;\">Najljep\u0161a filmska glazba<\/span><\/span><\/p>\n<p align=\"JUSTIFY\"><span style=\"color: #666666; font-family: Arial;\"><span style=\"font-size: small;\">HOMMAGE ALBERTU SORDIJU<\/span><\/span><\/p>\n<p align=\"JUSTIFY\"><span style=\"color: #666666; font-family: Arial;\"><span style=\"font-size: small;\">Komedija na talijanski na\u010din<\/span><\/span><\/p>\n<p align=\"JUSTIFY\"><span style=\"color: #666666; font-family: Arial;\"><span style=\"font-size: small;\">Presjek povijesti glazbe i filma<\/span><\/span><\/p>\n<p align=\"JUSTIFY\"><span style=\"color: #666666; font-family: Arial;\"><span style=\"font-size: small;\">MAGI\u010cNI SVIJET WALTA DISNEYA<\/span><\/span><\/p>\n<p align=\"JUSTIFY\"><span style=\"color: #666666; font-family: Arial;\"><span style=\"font-size: small;\">Najljep\u0161e pjesme iz njegovih poznatih filmova<\/span><\/span><\/p>\n<p align=\"JUSTIFY\"><span style=\"color: #666666; font-family: Arial;\"><span style=\"font-size: small;\">OPERNI PODIJ<\/span><\/span><\/p>\n<p align=\"JUSTIFY\"><span style=\"color: #666666; font-family: Arial;\"><span style=\"font-size: small;\">Najpoznatije operne arije i ljubavni dueti<\/span><\/span><\/p>\n<p>[\/vc_column_text][\/vc_column][vc_column width=&#8221;1\/3&#8243;]<div class=\"cz_gap clr  hide_on_tablet hide_on_mobile\" style=\"height: 150px\"><\/div><div class=\"cz_gap show_on_tablet clr \" style=\"height: 30px\"><\/div>[vc_column_text]<\/p>\n<p align=\"JUSTIFY\"><span style=\"color: #666666; font-family: Arial;\"><span style=\"font-size: small;\">BO\u017dI\u0106NI KONCERT<\/span><\/span><\/p>\n<p align=\"JUSTIFY\"><span style=\"color: #666666; font-family: Arial;\"><span style=\"font-size: small;\">Poznati Bo\u017ei\u0107ni napjevi<\/span><\/span><\/p>\n<p align=\"JUSTIFY\"><span style=\"color: #666666; font-family: Arial;\"><span style=\"font-size: small;\">UKSR\u0160NJI KONCERT<\/span><\/span><\/p>\n<p align=\"JUSTIFY\"><span style=\"color: #666666; font-family: Arial;\"><span style=\"font-size: small;\">Slavni Uskr\u0161nji napjevi<\/span><\/span><\/p>\n<p align=\"JUSTIFY\"><span style=\"color: #666666; font-family: Arial;\"><span style=\"font-size: small;\">AMERIKA, AMERIKA!<\/span><\/span><\/p>\n<p align=\"JUSTIFY\"><span style=\"color: #666666; font-family: Arial;\"><span style=\"font-size: small;\">Hommage dvojici najpoznatijih ameri\u010dkih skladatelja<\/span><\/span><\/p>\n<p align=\"JUSTIFY\"><span style=\"color: #666666; font-family: Arial;\"><span style=\"font-size: small;\">TALIJANSKI SALON<\/span><\/span><\/p>\n<p align=\"JUSTIFY\"><span style=\"color: #666666; font-family: Arial;\"><span style=\"font-size: small;\">Najslavnije komorne arije talijanskog repertoara<\/span><\/span><\/p>\n<p>[\/vc_column_text][\/vc_column][vc_column width=&#8221;1\/3&#8243;]<div class=\"cz_gap clr  hide_on_tablet hide_on_mobile\" style=\"height: 150px\"><\/div><div class=\"cz_gap show_on_tablet clr \" style=\"height: 30px\"><\/div>[vc_column_text]<\/p>\n<p align=\"JUSTIFY\"><span style=\"color: #666666; font-family: Arial;\"><span style=\"font-size: small;\">\u017dIVIO MJUZIKL!<\/span><\/span><\/p>\n<p align=\"JUSTIFY\"><span style=\"color: #666666; font-family: Arial;\"><span style=\"font-size: small;\">Najljep\u0161e arije iz poznatih mjuzikala<\/span><\/span><\/p>\n<p align=\"JUSTIFY\"><span style=\"color: #666666; font-family: Arial;\">\u00a0<\/span><\/p>\n<p align=\"JUSTIFY\"><span style=\"color: #666666; font-family: Arial;\"><span style=\"font-size: small;\">HOMMAGE ASTORU PIAZZOLLI<\/span><\/span><\/p>\n<p align=\"JUSTIFY\"><span style=\"color: #666666; font-family: Arial;\"><span style=\"font-size: small;\">Najljep\u0161a glazba argentinskog skladatelja<\/span><\/span><\/p>\n<p>[\/vc_column_text][\/vc_column][\/vc_row][vc_row][vc_column width=&#8221;1\/3&#8243;][vc_column_text]<iframe loading=\"lazy\" src=\"https:\/\/www.youtube.com\/embed\/-32PAoNrlPU\" width=\"560\" height=\"315\" frameborder=\"0\" allowfullscreen=\"allowfullscreen\"><\/iframe>[\/vc_column_text][vc_column_text]<iframe loading=\"lazy\" src=\"https:\/\/www.youtube.com\/embed\/V-nh3tTs-44\" width=\"560\" height=\"315\" frameborder=\"0\" allowfullscreen=\"allowfullscreen\"><\/iframe>[\/vc_column_text][vc_column_text]<iframe loading=\"lazy\" src=\"https:\/\/www.youtube.com\/embed\/Dm1d4Rs9VVc\" width=\"560\" height=\"315\" frameborder=\"0\" allowfullscreen=\"allowfullscreen\"><\/iframe>[\/vc_column_text][\/vc_column][vc_column width=&#8221;1\/3&#8243;][vc_column_text]<iframe loading=\"lazy\" src=\"https:\/\/www.youtube.com\/embed\/5MvNA6bi0g4\" width=\"560\" height=\"315\" frameborder=\"0\" allowfullscreen=\"allowfullscreen\"><\/iframe>[\/vc_column_text][vc_column_text]<iframe loading=\"lazy\" src=\"https:\/\/www.youtube.com\/embed\/g8_5IPUxwrw\" width=\"560\" height=\"315\" frameborder=\"0\" allowfullscreen=\"allowfullscreen\"><\/iframe>[\/vc_column_text][vc_column_text]<iframe loading=\"lazy\" src=\"https:\/\/www.youtube.com\/embed\/aOXxXcuf4v0\" width=\"560\" height=\"315\" frameborder=\"0\" allowfullscreen=\"allowfullscreen\"><\/iframe>[\/vc_column_text][\/vc_column][vc_column width=&#8221;1\/3&#8243;][vc_column_text]<iframe loading=\"lazy\" src=\"https:\/\/www.youtube.com\/embed\/ojshtYoxXE8\" width=\"560\" height=\"315\" frameborder=\"0\" allowfullscreen=\"allowfullscreen\"><\/iframe>[\/vc_column_text][vc_column_text]<iframe loading=\"lazy\" src=\"https:\/\/www.youtube.com\/embed\/o0dk-nXG8rU\" width=\"560\" height=\"315\" frameborder=\"0\" allowfullscreen=\"allowfullscreen\"><\/iframe>[\/vc_column_text][\/vc_column][\/vc_row]<\/p>\n<\/div>","protected":false},"excerpt":{"rendered":"<p>Nino Rota Ensemble nastao je 1995. godine prigodom proslave stote obljetnice &#8230; <\/p>\n","protected":false},"author":1,"featured_media":0,"parent":0,"menu_order":0,"comment_status":"closed","ping_status":"closed","template":"","meta":{"footnotes":""},"class_list":["post-869","page","type-page","status-publish","hentry"],"_links":{"self":[{"href":"https:\/\/lifestyle.hr\/index.php?rest_route=\/wp\/v2\/pages\/869","targetHints":{"allow":["GET"]}}],"collection":[{"href":"https:\/\/lifestyle.hr\/index.php?rest_route=\/wp\/v2\/pages"}],"about":[{"href":"https:\/\/lifestyle.hr\/index.php?rest_route=\/wp\/v2\/types\/page"}],"author":[{"embeddable":true,"href":"https:\/\/lifestyle.hr\/index.php?rest_route=\/wp\/v2\/users\/1"}],"replies":[{"embeddable":true,"href":"https:\/\/lifestyle.hr\/index.php?rest_route=%2Fwp%2Fv2%2Fcomments&post=869"}],"version-history":[{"count":0,"href":"https:\/\/lifestyle.hr\/index.php?rest_route=\/wp\/v2\/pages\/869\/revisions"}],"wp:attachment":[{"href":"https:\/\/lifestyle.hr\/index.php?rest_route=%2Fwp%2Fv2%2Fmedia&parent=869"}],"curies":[{"name":"wp","href":"https:\/\/api.w.org\/{rel}","templated":true}]}}