{"id":971,"date":"2018-11-21T07:24:28","date_gmt":"2018-11-21T07:24:28","guid":{"rendered":"https:\/\/lifestyle.hr\/?page_id=971"},"modified":"2019-09-12T10:38:12","modified_gmt":"2019-09-12T10:38:12","slug":"goran-bojcevski","status":"publish","type":"page","link":"https:\/\/lifestyle.hr\/?page_id=971","title":{"rendered":"Goran Boj\u010devski"},"content":{"rendered":"<div class=\"wpb-content-wrapper\"><p>[vc_row][vc_column width=&#8221;1\/2&#8243;]<div class=\"cz_gap clr  hide_on_tablet hide_on_mobile\" style=\"height: 47px\"><\/div><div class=\"cz_gap show_on_tablet clr \" style=\"height: 30px\"><\/div><div id=\"cz_68785\" data-position=\"top-right\" class=\"cz_68785 cz_image clr cz_image_no_fx center_on_mobile\"><div class=\"\" ><div class=\"cz_image_in\"><div class=\"cz_main_image\"><img fetchpriority=\"high\" loading=\"eager\" decoding=\"sync\" data-no-lazy=\"1\" width=\"940\" height=\"592\" src=\"https:\/\/lifestyle.hr\/wp-content\/uploads\/2018\/11\/gb-quartet_album3_i940x530.jpg\" class=\"attachment-large\" alt=\"Gb quartet album3 i940x530\" title=\"gb-quartet_album3_i940x530\" srcset=\"https:\/\/lifestyle.hr\/wp-content\/uploads\/2018\/11\/gb-quartet_album3_i940x530.jpg 940w, https:\/\/lifestyle.hr\/wp-content\/uploads\/2018\/11\/gb-quartet_album3_i940x530-300x189.jpg 300w, https:\/\/lifestyle.hr\/wp-content\/uploads\/2018\/11\/gb-quartet_album3_i940x530-768x484.jpg 768w, https:\/\/lifestyle.hr\/wp-content\/uploads\/2018\/11\/gb-quartet_album3_i940x530-600x378.jpg 600w\" sizes=\"(max-width: 940px) 100vw, 940px\"  \/><\/div><\/div><\/div><\/div>[\/vc_column][vc_column width=&#8221;1\/2&#8243;]<div class=\"cz_gap clr  hide_on_tablet hide_on_mobile\" style=\"height: 30px\"><\/div><div class=\"cz_gap show_on_tablet clr \" style=\"height: 30px\"><\/div><div id=\"cz_66884\" class=\"cz_66884 cz_title clr cz_title_ba_line cz_title_pos_inline\"><div class=\"cz_title_content\"><div class=\"cz_wpe_content\"><h2 class=\"western\" align=\"LEFT\"><span style=\"color: #444444; font-family: Arial; font-size: 20px;\"><b>GORAN BOJ\u010cEVSKI<\/b><\/span><\/h2>\n<\/div><div class=\"cz_title_line cz_line_after_title\"><span>_<\/span><\/div><\/div><\/div>[vc_column_text css=&#8221;.vc_custom_1568102466364{margin-bottom: 40px !important;}&#8221;]GORAN BOJC\u030cEVSKI ro\u0111. 26. prosinca 1982. u Bitoli u Makedoniji, zavr\u0161io je osnovnu i srednju glazbenu \u0161kolu u Bitoli te je u tom razdoblju bio vi\u0161estruki dr\u017eavni prvak u klarinetu.<br \/>\nKao srednjo\u0161kolac studirao je kod svjetski poznatog profesora Petka Radeva, nekada\u0161njeg prvog klarinetista milanske Scale.<br \/>\nGodine 2002., po zavr\u0161etku prve godine Muzi\u010dke akademije u Skopju, upisao se na Muzi\u010dku akademiju u Ljubljani, gdje je s velikim uspjehom diplomirao 2006. godine u klasi profesora Slavka Gori\u010dara.<br \/>\nNa dr\u017eavnom natjecanju u Sloveniji 2003. godine osvojio je zlatnu plaketu. Bio je \u010dlan Akademskog orkestra iz Ljubljane i ansambla SNG Opere i baleta Ljubljana.<br \/>\nNjegova \u017eelja za nadogradnjom znanja i kreativnosti odvela ga je u Salzburg, gdje je 2008. godine, u konkurenciji studenata iz cijelog svijeta, polo\u017eio prijemni ispit za poslijediplomski studij u najvi\u0161oj kategoriji, tj. Meisterklasse, na Sveu\u010dili\u0161tu Mozarteum u Salzburgu s profesorom Aloisom Brandhoferom, biv\u0161im prvim klarinetistom Berlinske i Be\u010dke filharmonije. Studij je zavr\u0161io s odli\u010dnim uspjehom.<br \/>\nGoran je u vrijeme studija postao i prvi klarinetist Bl\u00e4serphilharmonie Mozarteum Salzburg.<br \/>\nKao solist uspje\u0161no je sura\u0111ivao s raznim glazbenicima i institucijama \u0161irom svijeta, uklju\u010duju\u0107i Sveu\u010dili\u0161te Mozarteum. U Sloveniji je dugi niz godina bio \u010dlan benda Terrafolk, a sura\u0111ivao je s makedonskim gitaristom Vlatkom Stefanovskim i jazz pijanistom Matijom Dedi\u0107em. Utemeljitelj je i glazbenoga stila Balkan nuevo koji se oslanja na njegove balkanske korijene, te ih nadogra\u0111uje elementima klasi\u010dne i tango glazbe.<br \/>\nPosebna \u010dast pripala mu je 2011. godine kada je pozvan da se pridru\u017ei elitnom sastavu Balkan Superselection, koji \u010dine poznati glazbenici Vlatko Stefanovski, Vasil Had\u017eimanov, Teodosi Spasov i Marko Ramljak.<br \/>\nU ljeto 2018. godine svojim stilom Balkan Nuevo rasprodao je sve koncerte na velikim festivalima \u0161irom Europe.<br \/>\nInternetski forum answer.com svrstava ga u red najboljih klarinetista svijeta.<\/p>\n<p>Neki od najistaknutijih koncerata:<\/p>\n<p>\uf0b7 koncert uz Simfonijski orkestar RTV Slovenija po zavr\u0161etku slovenskoga predsjedavanja EU &#8211; Pariz, Francuska, 2008;<br \/>\n\uf0b7 Koncert s grupom Terrafolk na sve\u010danosti dodjele Europske knji\u017eevne nagrade &#8211; Ales, Francuska, 2009., 2010 .;<br \/>\n\uf0b7 koncert s vlastitim sastavom Kaneo na ORF festivalu, Austrija, 2009 .;<br \/>\n\uf0b7 solo klarinetist Bl\u00e4serphilharmonie Mozarteum Salzburg na novogodi\u0161njem koncertu 2008.-2013.;<br \/>\n\uf0b7 Koncert s Gama kvintetom na festivalu Diabeli, Mattsee, Austrija, 2011.;<br \/>\n\uf0b7 Balkan Superselection Concert, Festival Lent, Maribor, 2011.;<br \/>\n\uf0b7 Voditelj tri solo projekta: Etno koncerttante (duo uz harmonika\u0161a Toma\u017ea Mar\u010di\u010da; partiture za violinu, aran\u017eirane i odsvirane na klarinetu i harmonici), Goran Boj\u010devski kvintet (originalna glazba Boj\u010devski) i klasi\u010dni kvintet Goran Boj\u010devski (autorska glazba Boj\u010devski, klasi\u010dna djela i obrade)<br \/>\n\uf0b7 rasprodani koncert na festivalu Lent, kvintet Goran Boj\u010devski, 2015;<br \/>\n\uf0b7 rasprodani koncert na Ljubljanskom festivalu, Goran Boj\u010devski klasi\u010dni kvintet, Crkva Sv. Kri\u017ea, 2015 .;<br \/>\n\uf0b7 rasprodani koncert na Ljubljanskom festivalu, Suita Balkanski portreti; Goran Boj\u010devski i Simfonijski orkestar RTV Slovenija, srpanj 2016.<br \/>\n\uf0b7 otvaranje Europske jazz konferencije, Goran Boj\u010devski kvintet i Bojan Z., rujan 2017:<br \/>\n\uf0b7 rasprodani koncert u Celjskom dvorcu, Goran Boj\u010devski Classical meets Balkan Nuevo, feat. Vlatko Stefanovski, srpanj 2018.<br \/>\n\uf0b7 koncert na Festivalu Ljubljana, Classical meets Balkan Nuevo, Vite\u0161ka dvorana Kri\u017eanke, srpanj 2018 .;<br \/>\n\uf0b7 rasprodani koncert Classical meets Balkan Nuevo, Ohrid Festival, Sveta Sofija, kolovoz 2018. &#8211; koncert je progla\u0161en jednim od najboljih u povijesti samog festivala.<br \/>\n\uf0b7 Dva virtuoza, Goran Boj\u010devski feat. Vlatko Stefanovski, Gallusova dvorana Cankarjevog doma, 21.10.2018.<\/p>\n<p>Boj\u010devski nije samo instrumentalist, ve\u0107 i skladatelj; njegov je opus impresivan budu\u0107i da obuhva\u0107a djela raznih \u017eanrova, od klasi\u010dnih, etno, jazza do Balkana. Najistaknutiji su:<br \/>\n\uf0b7 Balet He, he, helium (koproducirale Slovenija, Italija, Nizozemska, Hrvatska, Makedonija, BiH) za guda\u010dki orkestar, klavir, klarinet, bas gitaru, bubnjeve, u izvedbi orkestra Doma kulture pod vodstvom Simona Dvor\u0161eka, koji je nastupio u Koreji, a zatim nastavio put u SAD-u, u velja\u010di je prikazan u Sarajevu na Sarajevskom zimskom festivalu. U travnju 2014. bio je gost u Cankarjevom domu.<br \/>\n\uf0b7 Im Land der Sonne (Suite za simfonijski orkestar posve\u0107ene O.Univ.Prof. Hans-Joerg Angereru), 2012.<br \/>\n\uf0b7 Tanz der Schatten za solo klarinet (posve\u0107en O.Univ.Prof. Aloisu Brandhoferu), 2013., uklju\u010den u obvezni nastavni plan i program za budu\u0107e magistarske studente klarineta na Mozarteumu<br \/>\n\uf0b7 Komorna glazba: Klarinet i klavirske pjesme: Svemir, 19 (uklju\u010den u obvezni nastavni plan i program za budu\u0107e magistarske studente klarineta na Mozarteumu), Nakon ki\u0161e, Erinnerungen (klavirski trio) za violinu, violon\u010delo i klavir itd.<br \/>\n\uf0b7 Glazba za film Banditenkinder, slovensko-njema\u010dke koprodukcije o ukradenoj djeci, re\u017eija Maja Weiss. Film je uvr\u0161ten me\u0111u najbolje dokumentarne filmove u Sloveniji i nastavlja svoje putovanje po Njema\u010dkoj.<br \/>\n\uf0b7 Raum 4023, skladba koju je napisao na poziv Bl\u00e4serphilharmonie iz Salzburga, a premijerno izvedena 11.10. 2014. u Salzburgu.<br \/>\n\uf0b7 Odvra\u0107anje pogleda s Mirjanom Bor\u010di\u0107, dokumentarni film Maje Weiss, o\u017eujak 2017.<br \/>\n\uf0b7 Four Seasons, Quintet (klarinet, harmonika, klavir, violina, kontrabas), praizvedba na Festivalu Ljubljana, 2015.<br \/>\n\uf0b7 Balkanski portreti (cjelove\u010dernji program za simfonijski orkestar i soliste), praizvedba na Festivalu Ljubljana, 2016.<br \/>\n\uf0b7 Nostalgie, skladba koju je napisao na poziv Bl\u00e4serphilharmonie Mozarteum Salzburg, praizvedba 6.5. 2017.<br \/>\n\uf0b7 Dervi\u0161 i smrt, glazba za balet, 63. Splitski festival, kolovoz 2017. (nominacija za najbolju predstavu u Hrvatskoj)<br \/>\n\uf0b7 Classical meet Balkan Nuevo, Solisti i guda\u010dki kvintet, 2018.[\/vc_column_text][\/vc_column][\/vc_row]<\/p>\n<\/div>","protected":false},"excerpt":{"rendered":"<p>GORAN BOJC\u030cEVSKI ro\u0111. 26. prosinca 1982. u Bitoli u Makedoniji, zavr\u0161io &#8230; <\/p>\n","protected":false},"author":1,"featured_media":0,"parent":0,"menu_order":0,"comment_status":"closed","ping_status":"closed","template":"","meta":{"footnotes":""},"class_list":["post-971","page","type-page","status-publish","hentry"],"_links":{"self":[{"href":"https:\/\/lifestyle.hr\/index.php?rest_route=\/wp\/v2\/pages\/971","targetHints":{"allow":["GET"]}}],"collection":[{"href":"https:\/\/lifestyle.hr\/index.php?rest_route=\/wp\/v2\/pages"}],"about":[{"href":"https:\/\/lifestyle.hr\/index.php?rest_route=\/wp\/v2\/types\/page"}],"author":[{"embeddable":true,"href":"https:\/\/lifestyle.hr\/index.php?rest_route=\/wp\/v2\/users\/1"}],"replies":[{"embeddable":true,"href":"https:\/\/lifestyle.hr\/index.php?rest_route=%2Fwp%2Fv2%2Fcomments&post=971"}],"version-history":[{"count":0,"href":"https:\/\/lifestyle.hr\/index.php?rest_route=\/wp\/v2\/pages\/971\/revisions"}],"wp:attachment":[{"href":"https:\/\/lifestyle.hr\/index.php?rest_route=%2Fwp%2Fv2%2Fmedia&parent=971"}],"curies":[{"name":"wp","href":"https:\/\/api.w.org\/{rel}","templated":true}]}}